{"id":575,"date":"2022-09-15T15:34:32","date_gmt":"2022-09-15T13:34:32","guid":{"rendered":"http:\/\/www.francksmodelworkshop.com\/?post_type=product&#038;p=575"},"modified":"2023-11-15T08:54:37","modified_gmt":"2023-11-15T07:54:37","slug":"gmeinder-15-18ps-appeva-2","status":"publish","type":"product","link":"https:\/\/www.francksmodelworkshop.com\/en\/product\/gmeinder-15-18ps-appeva-2\/","title":{"rendered":"Gmeinder 15\/18PS Open cab"},"content":{"rendered":"<p>Gmeinder 15\/18PS gas loco, mounted, painted and patinated, based on the model preserved by APPEVA (Somme, France).<\/p>","protected":false},"excerpt":{"rendered":"<p>Reproduction fid\u00e8le et inspir\u00e9e du locotracteur Gmeinder pr\u00e9serv\u00e9 par l&rsquo;APPEVA, r\u00e9alis\u00e9 en feuille de laiton et bronze phosphoreux. Ch\u00e2ssis frais\u00e9, motorisation par motor\u00e9ducteur Faulhaber 2020D, r\u00e9duction 215:1 pour une vitesse \u00e0 l&rsquo;\u00e9chelle, transmission primaire par engrenage h\u00e9lico\u00efdaux de rapport 1:1 et secondaire par poulie \/ courroie. Roues RP25-110.<\/p>\n<p>Peinture et patine \u00ab\u00a0Medium\u00a0\u00bb. Non digitalis\u00e9.<\/p>\n<p>&nbsp;<\/p>","protected":false},"featured_media":2131,"comment_status":"open","ping_status":"closed","template":"","meta":{"_acf_changed":false},"product_cat":[18,60],"product_tag":[],"class_list":{"0":"post-575","1":"product","2":"type-product","3":"status-publish","4":"has-post-thumbnail","6":"product_cat-locomotives","7":"product_cat-materiel-pret-a-rouler","9":"first","10":"outofstock","11":"shipping-taxable","12":"purchasable","13":"product-type-simple"},"acf":[],"yoast_head":"<!-- This site is optimized with the Yoast SEO plugin v23.6 - https:\/\/yoast.com\/wordpress\/plugins\/seo\/ -->\n<title>Gmeinder 15\/18PS Cabine ouverte - Franck&#039;s Model Workshop<\/title>\n<meta name=\"robots\" content=\"index, follow, max-snippet:-1, max-image-preview:large, max-video-preview:-1\" \/>\n<link rel=\"canonical\" href=\"https:\/\/www.francksmodelworkshop.com\/en\/product\/gmeinder-15-18ps-appeva-2\/\" \/>\n<meta property=\"og:locale\" content=\"en_GB\" \/>\n<meta property=\"og:type\" content=\"article\" \/>\n<meta property=\"og:title\" content=\"Gmeinder 15\/18PS Cabine ouverte - Franck&#039;s Model Workshop\" \/>\n<meta property=\"og:description\" content=\"Reproduction fid\u00e8le et inspir\u00e9e du locotracteur Gmeinder pr\u00e9serv\u00e9 par l&#039;APPEVA, r\u00e9alis\u00e9 en feuille de laiton et bronze phosphoreux. Ch\u00e2ssis frais\u00e9, motorisation par motor\u00e9ducteur Faulhaber 2020D, r\u00e9duction 215:1 pour une vitesse \u00e0 l&#039;\u00e9chelle, transmission primaire par engrenage h\u00e9lico\u00efdaux de rapport 1:1 et secondaire par poulie \/ courroie. Roues RP25-110.  Peinture et patine &quot;Medium&quot;. Non digitalis\u00e9.  &nbsp;\" \/>\n<meta property=\"og:url\" content=\"https:\/\/www.francksmodelworkshop.com\/en\/product\/gmeinder-15-18ps-appeva-2\/\" \/>\n<meta property=\"og:site_name\" content=\"Franck&#039;s Model Workshop\" \/>\n<meta property=\"article:publisher\" content=\"https:\/\/www.facebook.com\/FrancksModelWorkshop\/\" \/>\n<meta property=\"article:modified_time\" content=\"2023-11-15T07:54:37+00:00\" \/>\n<meta property=\"og:image\" content=\"https:\/\/i0.wp.com\/www.francksmodelworkshop.com\/wp-content\/uploads\/Gmeinder-1.png?fit=650%2C446&ssl=1\" \/>\n\t<meta property=\"og:image:width\" content=\"650\" \/>\n\t<meta property=\"og:image:height\" content=\"446\" \/>\n\t<meta property=\"og:image:type\" content=\"image\/png\" \/>\n<meta name=\"twitter:card\" content=\"summary_large_image\" \/>\n<meta name=\"twitter:label1\" content=\"Estimated reading time\" \/>\n\t<meta name=\"twitter:data1\" content=\"1 minute\" \/>\n<script type=\"application\/ld+json\" class=\"yoast-schema-graph\">{\"@context\":\"https:\/\/schema.org\",\"@graph\":[{\"@type\":\"WebPage\",\"@id\":\"https:\/\/www.francksmodelworkshop.com\/produit\/gmeinder-15-18ps-appeva-2\/\",\"url\":\"https:\/\/www.francksmodelworkshop.com\/produit\/gmeinder-15-18ps-appeva-2\/\",\"name\":\"Gmeinder 15\/18PS Cabine ouverte - Franck&#039;s Model Workshop\",\"isPartOf\":{\"@id\":\"https:\/\/www.francksmodelworkshop.com\/#website\"},\"primaryImageOfPage\":{\"@id\":\"https:\/\/www.francksmodelworkshop.com\/produit\/gmeinder-15-18ps-appeva-2\/#primaryimage\"},\"image\":{\"@id\":\"https:\/\/www.francksmodelworkshop.com\/produit\/gmeinder-15-18ps-appeva-2\/#primaryimage\"},\"thumbnailUrl\":\"https:\/\/www.francksmodelworkshop.com\/wp-content\/uploads\/Gmeinder-1.png\",\"datePublished\":\"2022-09-15T13:34:32+00:00\",\"dateModified\":\"2023-11-15T07:54:37+00:00\",\"breadcrumb\":{\"@id\":\"https:\/\/www.francksmodelworkshop.com\/produit\/gmeinder-15-18ps-appeva-2\/#breadcrumb\"},\"inLanguage\":\"en-GB\",\"potentialAction\":[{\"@type\":\"ReadAction\",\"target\":[\"https:\/\/www.francksmodelworkshop.com\/produit\/gmeinder-15-18ps-appeva-2\/\"]}]},{\"@type\":\"ImageObject\",\"inLanguage\":\"en-GB\",\"@id\":\"https:\/\/www.francksmodelworkshop.com\/produit\/gmeinder-15-18ps-appeva-2\/#primaryimage\",\"url\":\"https:\/\/www.francksmodelworkshop.com\/wp-content\/uploads\/Gmeinder-1.png\",\"contentUrl\":\"https:\/\/www.francksmodelworkshop.com\/wp-content\/uploads\/Gmeinder-1.png\",\"width\":650,\"height\":446},{\"@type\":\"BreadcrumbList\",\"@id\":\"https:\/\/www.francksmodelworkshop.com\/produit\/gmeinder-15-18ps-appeva-2\/#breadcrumb\",\"itemListElement\":[{\"@type\":\"ListItem\",\"position\":1,\"name\":\"Accueil\",\"item\":\"https:\/\/www.francksmodelworkshop.com\/\"},{\"@type\":\"ListItem\",\"position\":2,\"name\":\"Nos produits\",\"item\":\"https:\/\/www.francksmodelworkshop.com\/nos-produits\/\"},{\"@type\":\"ListItem\",\"position\":3,\"name\":\"Mod\u00e8les pr\u00eat \u00e0 rouler\",\"item\":\"https:\/\/www.francksmodelworkshop.com\/categorie-produit\/materiel-pret-a-rouler\/\"},{\"@type\":\"ListItem\",\"position\":4,\"name\":\"Gmeinder 15\/18PS Cabine ouverte\"}]},{\"@type\":\"WebSite\",\"@id\":\"https:\/\/www.francksmodelworkshop.com\/#website\",\"url\":\"https:\/\/www.francksmodelworkshop.com\/\",\"name\":\"Franck&#039;s Model Workshop\",\"description\":\"Premium Custom Narrow Gauge Models\",\"publisher\":{\"@id\":\"https:\/\/www.francksmodelworkshop.com\/#organization\"},\"potentialAction\":[{\"@type\":\"SearchAction\",\"target\":{\"@type\":\"EntryPoint\",\"urlTemplate\":\"https:\/\/www.francksmodelworkshop.com\/?s={search_term_string}\"},\"query-input\":{\"@type\":\"PropertyValueSpecification\",\"valueRequired\":true,\"valueName\":\"search_term_string\"}}],\"inLanguage\":\"en-GB\"},{\"@type\":\"Organization\",\"@id\":\"https:\/\/www.francksmodelworkshop.com\/#organization\",\"name\":\"Franck&#039;s Model Workshop\",\"url\":\"https:\/\/www.francksmodelworkshop.com\/\",\"logo\":{\"@type\":\"ImageObject\",\"inLanguage\":\"en-GB\",\"@id\":\"https:\/\/www.francksmodelworkshop.com\/#\/schema\/logo\/image\/\",\"url\":\"https:\/\/www.francksmodelworkshop.com\/wp-content\/uploads\/logo-1.22.jpg\",\"contentUrl\":\"https:\/\/www.francksmodelworkshop.com\/wp-content\/uploads\/logo-1.22.jpg\",\"width\":900,\"height\":831,\"caption\":\"Franck&#039;s Model Workshop\"},\"image\":{\"@id\":\"https:\/\/www.francksmodelworkshop.com\/#\/schema\/logo\/image\/\"},\"sameAs\":[\"https:\/\/www.facebook.com\/FrancksModelWorkshop\/\"]}]}<\/script>\n<!-- \/ Yoast SEO plugin. -->","yoast_head_json":{"title":"Gmeinder 15\/18PS Cabine ouverte - Franck&#039;s Model Workshop","robots":{"index":"index","follow":"follow","max-snippet":"max-snippet:-1","max-image-preview":"max-image-preview:large","max-video-preview":"max-video-preview:-1"},"canonical":"https:\/\/www.francksmodelworkshop.com\/en\/product\/gmeinder-15-18ps-appeva-2\/","og_locale":"en_GB","og_type":"article","og_title":"Gmeinder 15\/18PS Cabine ouverte - Franck&#039;s Model Workshop","og_description":"Reproduction fid\u00e8le et inspir\u00e9e du locotracteur Gmeinder pr\u00e9serv\u00e9 par l'APPEVA, r\u00e9alis\u00e9 en feuille de laiton et bronze phosphoreux. Ch\u00e2ssis frais\u00e9, motorisation par motor\u00e9ducteur Faulhaber 2020D, r\u00e9duction 215:1 pour une vitesse \u00e0 l'\u00e9chelle, transmission primaire par engrenage h\u00e9lico\u00efdaux de rapport 1:1 et secondaire par poulie \/ courroie. Roues RP25-110.  Peinture et patine \"Medium\". Non digitalis\u00e9.  &nbsp;","og_url":"https:\/\/www.francksmodelworkshop.com\/en\/product\/gmeinder-15-18ps-appeva-2\/","og_site_name":"Franck&#039;s Model Workshop","article_publisher":"https:\/\/www.facebook.com\/FrancksModelWorkshop\/","article_modified_time":"2023-11-15T07:54:37+00:00","og_image":[{"width":650,"height":446,"url":"https:\/\/i0.wp.com\/www.francksmodelworkshop.com\/wp-content\/uploads\/Gmeinder-1.png?fit=650%2C446&ssl=1","type":"image\/png"}],"twitter_card":"summary_large_image","twitter_misc":{"Estimated reading time":"1 minute"},"schema":{"@context":"https:\/\/schema.org","@graph":[{"@type":"WebPage","@id":"https:\/\/www.francksmodelworkshop.com\/produit\/gmeinder-15-18ps-appeva-2\/","url":"https:\/\/www.francksmodelworkshop.com\/produit\/gmeinder-15-18ps-appeva-2\/","name":"Gmeinder 15\/18PS Cabine ouverte - Franck&#039;s Model Workshop","isPartOf":{"@id":"https:\/\/www.francksmodelworkshop.com\/#website"},"primaryImageOfPage":{"@id":"https:\/\/www.francksmodelworkshop.com\/produit\/gmeinder-15-18ps-appeva-2\/#primaryimage"},"image":{"@id":"https:\/\/www.francksmodelworkshop.com\/produit\/gmeinder-15-18ps-appeva-2\/#primaryimage"},"thumbnailUrl":"https:\/\/www.francksmodelworkshop.com\/wp-content\/uploads\/Gmeinder-1.png","datePublished":"2022-09-15T13:34:32+00:00","dateModified":"2023-11-15T07:54:37+00:00","breadcrumb":{"@id":"https:\/\/www.francksmodelworkshop.com\/produit\/gmeinder-15-18ps-appeva-2\/#breadcrumb"},"inLanguage":"en-GB","potentialAction":[{"@type":"ReadAction","target":["https:\/\/www.francksmodelworkshop.com\/produit\/gmeinder-15-18ps-appeva-2\/"]}]},{"@type":"ImageObject","inLanguage":"en-GB","@id":"https:\/\/www.francksmodelworkshop.com\/produit\/gmeinder-15-18ps-appeva-2\/#primaryimage","url":"https:\/\/www.francksmodelworkshop.com\/wp-content\/uploads\/Gmeinder-1.png","contentUrl":"https:\/\/www.francksmodelworkshop.com\/wp-content\/uploads\/Gmeinder-1.png","width":650,"height":446},{"@type":"BreadcrumbList","@id":"https:\/\/www.francksmodelworkshop.com\/produit\/gmeinder-15-18ps-appeva-2\/#breadcrumb","itemListElement":[{"@type":"ListItem","position":1,"name":"Accueil","item":"https:\/\/www.francksmodelworkshop.com\/"},{"@type":"ListItem","position":2,"name":"Nos produits","item":"https:\/\/www.francksmodelworkshop.com\/nos-produits\/"},{"@type":"ListItem","position":3,"name":"Mod\u00e8les pr\u00eat \u00e0 rouler","item":"https:\/\/www.francksmodelworkshop.com\/categorie-produit\/materiel-pret-a-rouler\/"},{"@type":"ListItem","position":4,"name":"Gmeinder 15\/18PS Cabine ouverte"}]},{"@type":"WebSite","@id":"https:\/\/www.francksmodelworkshop.com\/#website","url":"https:\/\/www.francksmodelworkshop.com\/","name":"Franck&#039;s Model Workshop","description":"Premium Custom Narrow Gauge Models","publisher":{"@id":"https:\/\/www.francksmodelworkshop.com\/#organization"},"potentialAction":[{"@type":"SearchAction","target":{"@type":"EntryPoint","urlTemplate":"https:\/\/www.francksmodelworkshop.com\/?s={search_term_string}"},"query-input":{"@type":"PropertyValueSpecification","valueRequired":true,"valueName":"search_term_string"}}],"inLanguage":"en-GB"},{"@type":"Organization","@id":"https:\/\/www.francksmodelworkshop.com\/#organization","name":"Franck&#039;s Model Workshop","url":"https:\/\/www.francksmodelworkshop.com\/","logo":{"@type":"ImageObject","inLanguage":"en-GB","@id":"https:\/\/www.francksmodelworkshop.com\/#\/schema\/logo\/image\/","url":"https:\/\/www.francksmodelworkshop.com\/wp-content\/uploads\/logo-1.22.jpg","contentUrl":"https:\/\/www.francksmodelworkshop.com\/wp-content\/uploads\/logo-1.22.jpg","width":900,"height":831,"caption":"Franck&#039;s Model Workshop"},"image":{"@id":"https:\/\/www.francksmodelworkshop.com\/#\/schema\/logo\/image\/"},"sameAs":["https:\/\/www.facebook.com\/FrancksModelWorkshop\/"]}]}},"_links":{"self":[{"href":"https:\/\/www.francksmodelworkshop.com\/en\/wp-json\/wp\/v2\/product\/575","targetHints":{"allow":["GET"]}}],"collection":[{"href":"https:\/\/www.francksmodelworkshop.com\/en\/wp-json\/wp\/v2\/product"}],"about":[{"href":"https:\/\/www.francksmodelworkshop.com\/en\/wp-json\/wp\/v2\/types\/product"}],"replies":[{"embeddable":true,"href":"https:\/\/www.francksmodelworkshop.com\/en\/wp-json\/wp\/v2\/comments?post=575"}],"wp:featuredmedia":[{"embeddable":true,"href":"https:\/\/www.francksmodelworkshop.com\/en\/wp-json\/wp\/v2\/media\/2131"}],"wp:attachment":[{"href":"https:\/\/www.francksmodelworkshop.com\/en\/wp-json\/wp\/v2\/media?parent=575"}],"wp:term":[{"taxonomy":"product_cat","embeddable":true,"href":"https:\/\/www.francksmodelworkshop.com\/en\/wp-json\/wp\/v2\/product_cat?post=575"},{"taxonomy":"product_tag","embeddable":true,"href":"https:\/\/www.francksmodelworkshop.com\/en\/wp-json\/wp\/v2\/product_tag?post=575"}],"curies":[{"name":"wp","href":"https:\/\/api.w.org\/{rel}","templated":true}]}}