{"id":414,"date":"2022-09-13T13:55:30","date_gmt":"2022-09-13T11:55:30","guid":{"rendered":"http:\/\/www.francksmodelworkshop.com\/?post_type=product&#038;p=414"},"modified":"2023-10-27T15:37:09","modified_gmt":"2023-10-27T13:37:09","slug":"exemple-roulant-2","status":"publish","type":"product","link":"https:\/\/www.francksmodelworkshop.com\/en\/product\/exemple-roulant-2\/","title":{"rendered":"Fuel browser wagon"},"content":{"rendered":"<p>Mounted, painted and weathered fuel brower wagon.<\/p>","protected":false},"excerpt":{"rendered":"<p>Wagonnet mont\u00e9, peint, et patin\u00e9, bas\u00e9 sur le kit de Mark Hesketh Models. Le fut d\u2019origine a \u00e9t\u00e9 remplac\u00e9 et d\u00e9taill\u00e9.<br \/>\nPeinture et patine de type \u00ab medium \u00bb.<\/p>","protected":false},"featured_media":2362,"comment_status":"open","ping_status":"closed","template":"","meta":{"_acf_changed":false},"product_cat":[19,60],"product_tag":[],"class_list":{"0":"post-414","1":"product","2":"type-product","3":"status-publish","4":"has-post-thumbnail","6":"product_cat-materiel-roulant","7":"product_cat-materiel-pret-a-rouler","9":"first","10":"outofstock","11":"shipping-taxable","12":"purchasable","13":"product-type-simple"},"acf":[],"yoast_head":"<!-- This site is optimized with the Yoast SEO plugin v23.6 - https:\/\/yoast.com\/wordpress\/plugins\/seo\/ -->\n<title>Wagonnet \u00e0 carburant - Franck&#039;s Model Workshop<\/title>\n<meta name=\"robots\" content=\"index, follow, max-snippet:-1, max-image-preview:large, max-video-preview:-1\" \/>\n<link rel=\"canonical\" href=\"https:\/\/www.francksmodelworkshop.com\/en\/product\/exemple-roulant-2\/\" \/>\n<meta property=\"og:locale\" content=\"en_GB\" \/>\n<meta property=\"og:type\" content=\"article\" \/>\n<meta property=\"og:title\" content=\"Wagonnet \u00e0 carburant - Franck&#039;s Model Workshop\" \/>\n<meta property=\"og:description\" content=\"Wagonnet mont\u00e9, peint, et patin\u00e9, bas\u00e9 sur le kit de Mark Hesketh Models. Le fut d\u2019origine a \u00e9t\u00e9 remplac\u00e9 et d\u00e9taill\u00e9. Peinture et patine de type \u00ab medium \u00bb.\" \/>\n<meta property=\"og:url\" content=\"https:\/\/www.francksmodelworkshop.com\/en\/product\/exemple-roulant-2\/\" \/>\n<meta property=\"og:site_name\" content=\"Franck&#039;s Model Workshop\" \/>\n<meta property=\"article:publisher\" content=\"https:\/\/www.facebook.com\/FrancksModelWorkshop\/\" \/>\n<meta property=\"article:modified_time\" content=\"2023-10-27T13:37:09+00:00\" \/>\n<meta property=\"og:image\" content=\"https:\/\/i0.wp.com\/www.francksmodelworkshop.com\/wp-content\/uploads\/Wagonnet-a-carburant_1.png?fit=640%2C480&ssl=1\" \/>\n\t<meta property=\"og:image:width\" content=\"640\" \/>\n\t<meta property=\"og:image:height\" content=\"480\" \/>\n\t<meta property=\"og:image:type\" content=\"image\/png\" \/>\n<meta name=\"twitter:card\" content=\"summary_large_image\" \/>\n<meta name=\"twitter:label1\" content=\"Estimated reading time\" \/>\n\t<meta name=\"twitter:data1\" content=\"1 minute\" \/>\n<script type=\"application\/ld+json\" class=\"yoast-schema-graph\">{\"@context\":\"https:\/\/schema.org\",\"@graph\":[{\"@type\":\"WebPage\",\"@id\":\"https:\/\/www.francksmodelworkshop.com\/produit\/exemple-roulant-2\/\",\"url\":\"https:\/\/www.francksmodelworkshop.com\/produit\/exemple-roulant-2\/\",\"name\":\"Wagonnet \u00e0 carburant - Franck&#039;s Model Workshop\",\"isPartOf\":{\"@id\":\"https:\/\/www.francksmodelworkshop.com\/#website\"},\"primaryImageOfPage\":{\"@id\":\"https:\/\/www.francksmodelworkshop.com\/produit\/exemple-roulant-2\/#primaryimage\"},\"image\":{\"@id\":\"https:\/\/www.francksmodelworkshop.com\/produit\/exemple-roulant-2\/#primaryimage\"},\"thumbnailUrl\":\"https:\/\/www.francksmodelworkshop.com\/wp-content\/uploads\/Wagonnet-a-carburant_1.png\",\"datePublished\":\"2022-09-13T11:55:30+00:00\",\"dateModified\":\"2023-10-27T13:37:09+00:00\",\"breadcrumb\":{\"@id\":\"https:\/\/www.francksmodelworkshop.com\/produit\/exemple-roulant-2\/#breadcrumb\"},\"inLanguage\":\"en-GB\",\"potentialAction\":[{\"@type\":\"ReadAction\",\"target\":[\"https:\/\/www.francksmodelworkshop.com\/produit\/exemple-roulant-2\/\"]}]},{\"@type\":\"ImageObject\",\"inLanguage\":\"en-GB\",\"@id\":\"https:\/\/www.francksmodelworkshop.com\/produit\/exemple-roulant-2\/#primaryimage\",\"url\":\"https:\/\/www.francksmodelworkshop.com\/wp-content\/uploads\/Wagonnet-a-carburant_1.png\",\"contentUrl\":\"https:\/\/www.francksmodelworkshop.com\/wp-content\/uploads\/Wagonnet-a-carburant_1.png\",\"width\":640,\"height\":480},{\"@type\":\"BreadcrumbList\",\"@id\":\"https:\/\/www.francksmodelworkshop.com\/produit\/exemple-roulant-2\/#breadcrumb\",\"itemListElement\":[{\"@type\":\"ListItem\",\"position\":1,\"name\":\"Accueil\",\"item\":\"https:\/\/www.francksmodelworkshop.com\/\"},{\"@type\":\"ListItem\",\"position\":2,\"name\":\"Nos produits\",\"item\":\"https:\/\/www.francksmodelworkshop.com\/nos-produits\/\"},{\"@type\":\"ListItem\",\"position\":3,\"name\":\"Mod\u00e8les pr\u00eat \u00e0 rouler\",\"item\":\"https:\/\/www.francksmodelworkshop.com\/categorie-produit\/materiel-pret-a-rouler\/\"},{\"@type\":\"ListItem\",\"position\":4,\"name\":\"Mat\u00e9riel Roulant\",\"item\":\"https:\/\/www.francksmodelworkshop.com\/categorie-produit\/materiel-pret-a-rouler\/materiel-roulant\/\"},{\"@type\":\"ListItem\",\"position\":5,\"name\":\"Wagonnet \u00e0 carburant\"}]},{\"@type\":\"WebSite\",\"@id\":\"https:\/\/www.francksmodelworkshop.com\/#website\",\"url\":\"https:\/\/www.francksmodelworkshop.com\/\",\"name\":\"Franck&#039;s Model Workshop\",\"description\":\"Premium Custom Narrow Gauge Models\",\"publisher\":{\"@id\":\"https:\/\/www.francksmodelworkshop.com\/#organization\"},\"potentialAction\":[{\"@type\":\"SearchAction\",\"target\":{\"@type\":\"EntryPoint\",\"urlTemplate\":\"https:\/\/www.francksmodelworkshop.com\/?s={search_term_string}\"},\"query-input\":{\"@type\":\"PropertyValueSpecification\",\"valueRequired\":true,\"valueName\":\"search_term_string\"}}],\"inLanguage\":\"en-GB\"},{\"@type\":\"Organization\",\"@id\":\"https:\/\/www.francksmodelworkshop.com\/#organization\",\"name\":\"Franck&#039;s Model Workshop\",\"url\":\"https:\/\/www.francksmodelworkshop.com\/\",\"logo\":{\"@type\":\"ImageObject\",\"inLanguage\":\"en-GB\",\"@id\":\"https:\/\/www.francksmodelworkshop.com\/#\/schema\/logo\/image\/\",\"url\":\"https:\/\/www.francksmodelworkshop.com\/wp-content\/uploads\/logo-1.22.jpg\",\"contentUrl\":\"https:\/\/www.francksmodelworkshop.com\/wp-content\/uploads\/logo-1.22.jpg\",\"width\":900,\"height\":831,\"caption\":\"Franck&#039;s Model Workshop\"},\"image\":{\"@id\":\"https:\/\/www.francksmodelworkshop.com\/#\/schema\/logo\/image\/\"},\"sameAs\":[\"https:\/\/www.facebook.com\/FrancksModelWorkshop\/\"]}]}<\/script>\n<!-- \/ Yoast SEO plugin. -->","yoast_head_json":{"title":"Wagonnet \u00e0 carburant - Franck&#039;s Model Workshop","robots":{"index":"index","follow":"follow","max-snippet":"max-snippet:-1","max-image-preview":"max-image-preview:large","max-video-preview":"max-video-preview:-1"},"canonical":"https:\/\/www.francksmodelworkshop.com\/en\/product\/exemple-roulant-2\/","og_locale":"en_GB","og_type":"article","og_title":"Wagonnet \u00e0 carburant - Franck&#039;s Model Workshop","og_description":"Wagonnet mont\u00e9, peint, et patin\u00e9, bas\u00e9 sur le kit de Mark Hesketh Models. Le fut d\u2019origine a \u00e9t\u00e9 remplac\u00e9 et d\u00e9taill\u00e9. Peinture et patine de type \u00ab medium \u00bb.","og_url":"https:\/\/www.francksmodelworkshop.com\/en\/product\/exemple-roulant-2\/","og_site_name":"Franck&#039;s Model Workshop","article_publisher":"https:\/\/www.facebook.com\/FrancksModelWorkshop\/","article_modified_time":"2023-10-27T13:37:09+00:00","og_image":[{"width":640,"height":480,"url":"https:\/\/i0.wp.com\/www.francksmodelworkshop.com\/wp-content\/uploads\/Wagonnet-a-carburant_1.png?fit=640%2C480&ssl=1","type":"image\/png"}],"twitter_card":"summary_large_image","twitter_misc":{"Estimated reading time":"1 minute"},"schema":{"@context":"https:\/\/schema.org","@graph":[{"@type":"WebPage","@id":"https:\/\/www.francksmodelworkshop.com\/produit\/exemple-roulant-2\/","url":"https:\/\/www.francksmodelworkshop.com\/produit\/exemple-roulant-2\/","name":"Wagonnet \u00e0 carburant - Franck&#039;s Model Workshop","isPartOf":{"@id":"https:\/\/www.francksmodelworkshop.com\/#website"},"primaryImageOfPage":{"@id":"https:\/\/www.francksmodelworkshop.com\/produit\/exemple-roulant-2\/#primaryimage"},"image":{"@id":"https:\/\/www.francksmodelworkshop.com\/produit\/exemple-roulant-2\/#primaryimage"},"thumbnailUrl":"https:\/\/www.francksmodelworkshop.com\/wp-content\/uploads\/Wagonnet-a-carburant_1.png","datePublished":"2022-09-13T11:55:30+00:00","dateModified":"2023-10-27T13:37:09+00:00","breadcrumb":{"@id":"https:\/\/www.francksmodelworkshop.com\/produit\/exemple-roulant-2\/#breadcrumb"},"inLanguage":"en-GB","potentialAction":[{"@type":"ReadAction","target":["https:\/\/www.francksmodelworkshop.com\/produit\/exemple-roulant-2\/"]}]},{"@type":"ImageObject","inLanguage":"en-GB","@id":"https:\/\/www.francksmodelworkshop.com\/produit\/exemple-roulant-2\/#primaryimage","url":"https:\/\/www.francksmodelworkshop.com\/wp-content\/uploads\/Wagonnet-a-carburant_1.png","contentUrl":"https:\/\/www.francksmodelworkshop.com\/wp-content\/uploads\/Wagonnet-a-carburant_1.png","width":640,"height":480},{"@type":"BreadcrumbList","@id":"https:\/\/www.francksmodelworkshop.com\/produit\/exemple-roulant-2\/#breadcrumb","itemListElement":[{"@type":"ListItem","position":1,"name":"Accueil","item":"https:\/\/www.francksmodelworkshop.com\/"},{"@type":"ListItem","position":2,"name":"Nos produits","item":"https:\/\/www.francksmodelworkshop.com\/nos-produits\/"},{"@type":"ListItem","position":3,"name":"Mod\u00e8les pr\u00eat \u00e0 rouler","item":"https:\/\/www.francksmodelworkshop.com\/categorie-produit\/materiel-pret-a-rouler\/"},{"@type":"ListItem","position":4,"name":"Mat\u00e9riel Roulant","item":"https:\/\/www.francksmodelworkshop.com\/categorie-produit\/materiel-pret-a-rouler\/materiel-roulant\/"},{"@type":"ListItem","position":5,"name":"Wagonnet \u00e0 carburant"}]},{"@type":"WebSite","@id":"https:\/\/www.francksmodelworkshop.com\/#website","url":"https:\/\/www.francksmodelworkshop.com\/","name":"Franck&#039;s Model Workshop","description":"Premium Custom Narrow Gauge Models","publisher":{"@id":"https:\/\/www.francksmodelworkshop.com\/#organization"},"potentialAction":[{"@type":"SearchAction","target":{"@type":"EntryPoint","urlTemplate":"https:\/\/www.francksmodelworkshop.com\/?s={search_term_string}"},"query-input":{"@type":"PropertyValueSpecification","valueRequired":true,"valueName":"search_term_string"}}],"inLanguage":"en-GB"},{"@type":"Organization","@id":"https:\/\/www.francksmodelworkshop.com\/#organization","name":"Franck&#039;s Model Workshop","url":"https:\/\/www.francksmodelworkshop.com\/","logo":{"@type":"ImageObject","inLanguage":"en-GB","@id":"https:\/\/www.francksmodelworkshop.com\/#\/schema\/logo\/image\/","url":"https:\/\/www.francksmodelworkshop.com\/wp-content\/uploads\/logo-1.22.jpg","contentUrl":"https:\/\/www.francksmodelworkshop.com\/wp-content\/uploads\/logo-1.22.jpg","width":900,"height":831,"caption":"Franck&#039;s Model Workshop"},"image":{"@id":"https:\/\/www.francksmodelworkshop.com\/#\/schema\/logo\/image\/"},"sameAs":["https:\/\/www.facebook.com\/FrancksModelWorkshop\/"]}]}},"_links":{"self":[{"href":"https:\/\/www.francksmodelworkshop.com\/en\/wp-json\/wp\/v2\/product\/414","targetHints":{"allow":["GET"]}}],"collection":[{"href":"https:\/\/www.francksmodelworkshop.com\/en\/wp-json\/wp\/v2\/product"}],"about":[{"href":"https:\/\/www.francksmodelworkshop.com\/en\/wp-json\/wp\/v2\/types\/product"}],"replies":[{"embeddable":true,"href":"https:\/\/www.francksmodelworkshop.com\/en\/wp-json\/wp\/v2\/comments?post=414"}],"wp:featuredmedia":[{"embeddable":true,"href":"https:\/\/www.francksmodelworkshop.com\/en\/wp-json\/wp\/v2\/media\/2362"}],"wp:attachment":[{"href":"https:\/\/www.francksmodelworkshop.com\/en\/wp-json\/wp\/v2\/media?parent=414"}],"wp:term":[{"taxonomy":"product_cat","embeddable":true,"href":"https:\/\/www.francksmodelworkshop.com\/en\/wp-json\/wp\/v2\/product_cat?post=414"},{"taxonomy":"product_tag","embeddable":true,"href":"https:\/\/www.francksmodelworkshop.com\/en\/wp-json\/wp\/v2\/product_tag?post=414"}],"curies":[{"name":"wp","href":"https:\/\/api.w.org\/{rel}","templated":true}]}}