{"id":3041,"date":"2024-02-08T14:47:09","date_gmt":"2024-02-08T13:47:09","guid":{"rendered":"https:\/\/www.francksmodelworkshop.com\/?post_type=product&#038;p=3041"},"modified":"2024-02-08T15:25:09","modified_gmt":"2024-02-08T14:25:09","slug":"bague-de-guidage-darbre-en-bronze-pour-motoreducteur-1512","status":"publish","type":"product","link":"https:\/\/www.francksmodelworkshop.com\/en\/product\/bague-de-guidage-darbre-en-bronze-pour-motoreducteur-1512\/","title":{"rendered":"Bronze shaft guide bearing for 1512 motorgearhead"},"content":{"rendered":"<div class=\"x11i5rnm xat24cr x1mh8g0r x1vvkbs xdj266r x126k92a\">\n<div dir=\"auto\">Bronze shaft guide bearing, 6mm diameter, 4mm height, 5mm diameter shoulder with 1mm height, 2.5mm bore for our extension bushings<\/div>\n<div dir=\"auto\"><\/div>\n<div dir=\"auto\"><\/div>\n<\/div>\n<div dir=\"auto\"><\/div>\n<div class=\"x11i5rnm xat24cr x1mh8g0r x1vvkbs xtlvy1s x126k92a\">\n<div dir=\"auto\"><\/div>\n<\/div>\n<div class=\"x11i5rnm xat24cr x1mh8g0r x1vvkbs xtlvy1s x126k92a\">\n<div dir=\"auto\"><\/div>\n<\/div>","protected":false},"excerpt":{"rendered":"<p>These bearings are intended to provide a major improvement to facilitate the assembly of the geared motor, and in particular the adjustment of the gear centre distance.<br \/>\n<br \/><\/br><br \/>\nThe gearmotor is automatically positioned by the bronze bearing and the photoetched nickel silver frame, the hole of which is positioned precisely at the centre distance of the gears in relation to the axle.<br \/>\n<br \/><\/br><br \/>\nIn addition, this bearing, which is welded to the gearmotor support and placed precisely on the brass bearing at the output of the gearmotor shaft, will reduce the 'play' and strengthen the gearmotor.<\/p>","protected":false},"featured_media":3042,"comment_status":"closed","ping_status":"closed","template":"","meta":{"_acf_changed":false},"product_cat":[20,78],"product_tag":[],"class_list":{"0":"post-3041","1":"product","2":"type-product","3":"status-publish","4":"has-post-thumbnail","6":"product_cat-accessoires","7":"product_cat-motorisation","9":"first","10":"instock","11":"shipping-taxable","12":"purchasable","13":"product-type-simple"},"acf":[],"yoast_head":"<!-- This site is optimized with the Yoast SEO plugin v23.6 - https:\/\/yoast.com\/wordpress\/plugins\/seo\/ -->\n<title>Bague de guidage d&#039;arbre en bronze pour motor\u00e9ducteur 1512 - Franck&#039;s Model Workshop<\/title>\n<meta name=\"robots\" content=\"index, follow, max-snippet:-1, max-image-preview:large, max-video-preview:-1\" \/>\n<link rel=\"canonical\" href=\"https:\/\/www.francksmodelworkshop.com\/en\/product\/bague-de-guidage-darbre-en-bronze-pour-motoreducteur-1512\/\" \/>\n<meta property=\"og:locale\" content=\"en_GB\" \/>\n<meta property=\"og:type\" content=\"article\" \/>\n<meta property=\"og:title\" content=\"Bague de guidage d&#039;arbre en bronze pour motor\u00e9ducteur 1512 - Franck&#039;s Model Workshop\" \/>\n<meta property=\"og:description\" content=\"Ces paliers sont destin\u00e9s \u00e0 apporter une am\u00e9lioration majeure afin de faciliter le montage du motor\u00e9ducteur, et notamment le r\u00e9glage de l\u2019entraxe des engrenages.  Ainsi le positionnement du motor\u00e9ducteur sera fera automatique, par le palier bronze d\u2019une part, et le ch\u00e2ssis en maillechort photod\u00e9coup\u00e9 d\u2019autre part, dont le trou est positionn\u00e9 pr\u00e9cis\u00e9ment \u00e0 l\u2019entraxe des engrenages par rapport \u00e0 l\u2019essieu.  De plus, ce palier, soud\u00e9 sur le support du motor\u00e9ducteur, et plac\u00e9 pr\u00e9cis\u00e9ment sur le palier laiton en sortie d\u2019arbre du motor\u00e9ducteur, par son lamage, permettra de r\u00e9duire le \u00ab jeu \u00bb et renforcera ce dernier.\" \/>\n<meta property=\"og:url\" content=\"https:\/\/www.francksmodelworkshop.com\/en\/product\/bague-de-guidage-darbre-en-bronze-pour-motoreducteur-1512\/\" \/>\n<meta property=\"og:site_name\" content=\"Franck&#039;s Model Workshop\" \/>\n<meta property=\"article:publisher\" content=\"https:\/\/www.facebook.com\/FrancksModelWorkshop\/\" \/>\n<meta property=\"article:modified_time\" content=\"2024-02-08T14:25:09+00:00\" \/>\n<meta property=\"og:image\" content=\"https:\/\/www.francksmodelworkshop.com\/wp-content\/uploads\/BMGH01_5-1.png\" \/>\n\t<meta property=\"og:image:width\" content=\"640\" \/>\n\t<meta property=\"og:image:height\" content=\"480\" \/>\n\t<meta property=\"og:image:type\" content=\"image\/png\" \/>\n<meta name=\"twitter:card\" content=\"summary_large_image\" \/>\n<meta name=\"twitter:label1\" content=\"Estimated reading time\" \/>\n\t<meta name=\"twitter:data1\" content=\"1 minute\" \/>\n<script type=\"application\/ld+json\" class=\"yoast-schema-graph\">{\"@context\":\"https:\/\/schema.org\",\"@graph\":[{\"@type\":\"WebPage\",\"@id\":\"https:\/\/www.francksmodelworkshop.com\/produit\/bague-de-guidage-darbre-en-bronze-pour-motoreducteur-1512\/\",\"url\":\"https:\/\/www.francksmodelworkshop.com\/produit\/bague-de-guidage-darbre-en-bronze-pour-motoreducteur-1512\/\",\"name\":\"Bague de guidage d'arbre en bronze pour motor\u00e9ducteur 1512 - Franck&#039;s Model Workshop\",\"isPartOf\":{\"@id\":\"https:\/\/www.francksmodelworkshop.com\/#website\"},\"primaryImageOfPage\":{\"@id\":\"https:\/\/www.francksmodelworkshop.com\/produit\/bague-de-guidage-darbre-en-bronze-pour-motoreducteur-1512\/#primaryimage\"},\"image\":{\"@id\":\"https:\/\/www.francksmodelworkshop.com\/produit\/bague-de-guidage-darbre-en-bronze-pour-motoreducteur-1512\/#primaryimage\"},\"thumbnailUrl\":\"https:\/\/www.francksmodelworkshop.com\/wp-content\/uploads\/BMGH01_5-1.png\",\"datePublished\":\"2024-02-08T13:47:09+00:00\",\"dateModified\":\"2024-02-08T14:25:09+00:00\",\"breadcrumb\":{\"@id\":\"https:\/\/www.francksmodelworkshop.com\/produit\/bague-de-guidage-darbre-en-bronze-pour-motoreducteur-1512\/#breadcrumb\"},\"inLanguage\":\"en-GB\",\"potentialAction\":[{\"@type\":\"ReadAction\",\"target\":[\"https:\/\/www.francksmodelworkshop.com\/produit\/bague-de-guidage-darbre-en-bronze-pour-motoreducteur-1512\/\"]}]},{\"@type\":\"ImageObject\",\"inLanguage\":\"en-GB\",\"@id\":\"https:\/\/www.francksmodelworkshop.com\/produit\/bague-de-guidage-darbre-en-bronze-pour-motoreducteur-1512\/#primaryimage\",\"url\":\"https:\/\/www.francksmodelworkshop.com\/wp-content\/uploads\/BMGH01_5-1.png\",\"contentUrl\":\"https:\/\/www.francksmodelworkshop.com\/wp-content\/uploads\/BMGH01_5-1.png\",\"width\":640,\"height\":480},{\"@type\":\"BreadcrumbList\",\"@id\":\"https:\/\/www.francksmodelworkshop.com\/produit\/bague-de-guidage-darbre-en-bronze-pour-motoreducteur-1512\/#breadcrumb\",\"itemListElement\":[{\"@type\":\"ListItem\",\"position\":1,\"name\":\"Accueil\",\"item\":\"https:\/\/www.francksmodelworkshop.com\/\"},{\"@type\":\"ListItem\",\"position\":2,\"name\":\"Nos produits\",\"item\":\"https:\/\/www.francksmodelworkshop.com\/nos-produits\/\"},{\"@type\":\"ListItem\",\"position\":3,\"name\":\"Accessoires\",\"item\":\"https:\/\/www.francksmodelworkshop.com\/categorie-produit\/accessoires\/\"},{\"@type\":\"ListItem\",\"position\":4,\"name\":\"Bague de guidage d&rsquo;arbre en bronze pour motor\u00e9ducteur 1512\"}]},{\"@type\":\"WebSite\",\"@id\":\"https:\/\/www.francksmodelworkshop.com\/#website\",\"url\":\"https:\/\/www.francksmodelworkshop.com\/\",\"name\":\"Franck&#039;s Model Workshop\",\"description\":\"Premium Custom Narrow Gauge Models\",\"publisher\":{\"@id\":\"https:\/\/www.francksmodelworkshop.com\/#organization\"},\"potentialAction\":[{\"@type\":\"SearchAction\",\"target\":{\"@type\":\"EntryPoint\",\"urlTemplate\":\"https:\/\/www.francksmodelworkshop.com\/?s={search_term_string}\"},\"query-input\":{\"@type\":\"PropertyValueSpecification\",\"valueRequired\":true,\"valueName\":\"search_term_string\"}}],\"inLanguage\":\"en-GB\"},{\"@type\":\"Organization\",\"@id\":\"https:\/\/www.francksmodelworkshop.com\/#organization\",\"name\":\"Franck&#039;s Model Workshop\",\"url\":\"https:\/\/www.francksmodelworkshop.com\/\",\"logo\":{\"@type\":\"ImageObject\",\"inLanguage\":\"en-GB\",\"@id\":\"https:\/\/www.francksmodelworkshop.com\/#\/schema\/logo\/image\/\",\"url\":\"https:\/\/www.francksmodelworkshop.com\/wp-content\/uploads\/logo-1.22.jpg\",\"contentUrl\":\"https:\/\/www.francksmodelworkshop.com\/wp-content\/uploads\/logo-1.22.jpg\",\"width\":900,\"height\":831,\"caption\":\"Franck&#039;s Model Workshop\"},\"image\":{\"@id\":\"https:\/\/www.francksmodelworkshop.com\/#\/schema\/logo\/image\/\"},\"sameAs\":[\"https:\/\/www.facebook.com\/FrancksModelWorkshop\/\"]}]}<\/script>\n<!-- \/ Yoast SEO plugin. -->","yoast_head_json":{"title":"Bague de guidage d'arbre en bronze pour motor\u00e9ducteur 1512 - Franck&#039;s Model Workshop","robots":{"index":"index","follow":"follow","max-snippet":"max-snippet:-1","max-image-preview":"max-image-preview:large","max-video-preview":"max-video-preview:-1"},"canonical":"https:\/\/www.francksmodelworkshop.com\/en\/product\/bague-de-guidage-darbre-en-bronze-pour-motoreducteur-1512\/","og_locale":"en_GB","og_type":"article","og_title":"Bague de guidage d'arbre en bronze pour motor\u00e9ducteur 1512 - Franck&#039;s Model Workshop","og_description":"Ces paliers sont destin\u00e9s \u00e0 apporter une am\u00e9lioration majeure afin de faciliter le montage du motor\u00e9ducteur, et notamment le r\u00e9glage de l\u2019entraxe des engrenages.  Ainsi le positionnement du motor\u00e9ducteur sera fera automatique, par le palier bronze d\u2019une part, et le ch\u00e2ssis en maillechort photod\u00e9coup\u00e9 d\u2019autre part, dont le trou est positionn\u00e9 pr\u00e9cis\u00e9ment \u00e0 l\u2019entraxe des engrenages par rapport \u00e0 l\u2019essieu.  De plus, ce palier, soud\u00e9 sur le support du motor\u00e9ducteur, et plac\u00e9 pr\u00e9cis\u00e9ment sur le palier laiton en sortie d\u2019arbre du motor\u00e9ducteur, par son lamage, permettra de r\u00e9duire le \u00ab jeu \u00bb et renforcera ce dernier.","og_url":"https:\/\/www.francksmodelworkshop.com\/en\/product\/bague-de-guidage-darbre-en-bronze-pour-motoreducteur-1512\/","og_site_name":"Franck&#039;s Model Workshop","article_publisher":"https:\/\/www.facebook.com\/FrancksModelWorkshop\/","article_modified_time":"2024-02-08T14:25:09+00:00","og_image":[{"width":640,"height":480,"url":"https:\/\/www.francksmodelworkshop.com\/wp-content\/uploads\/BMGH01_5-1.png","type":"image\/png"}],"twitter_card":"summary_large_image","twitter_misc":{"Estimated reading time":"1 minute"},"schema":{"@context":"https:\/\/schema.org","@graph":[{"@type":"WebPage","@id":"https:\/\/www.francksmodelworkshop.com\/produit\/bague-de-guidage-darbre-en-bronze-pour-motoreducteur-1512\/","url":"https:\/\/www.francksmodelworkshop.com\/produit\/bague-de-guidage-darbre-en-bronze-pour-motoreducteur-1512\/","name":"Bague de guidage d'arbre en bronze pour motor\u00e9ducteur 1512 - Franck&#039;s Model Workshop","isPartOf":{"@id":"https:\/\/www.francksmodelworkshop.com\/#website"},"primaryImageOfPage":{"@id":"https:\/\/www.francksmodelworkshop.com\/produit\/bague-de-guidage-darbre-en-bronze-pour-motoreducteur-1512\/#primaryimage"},"image":{"@id":"https:\/\/www.francksmodelworkshop.com\/produit\/bague-de-guidage-darbre-en-bronze-pour-motoreducteur-1512\/#primaryimage"},"thumbnailUrl":"https:\/\/www.francksmodelworkshop.com\/wp-content\/uploads\/BMGH01_5-1.png","datePublished":"2024-02-08T13:47:09+00:00","dateModified":"2024-02-08T14:25:09+00:00","breadcrumb":{"@id":"https:\/\/www.francksmodelworkshop.com\/produit\/bague-de-guidage-darbre-en-bronze-pour-motoreducteur-1512\/#breadcrumb"},"inLanguage":"en-GB","potentialAction":[{"@type":"ReadAction","target":["https:\/\/www.francksmodelworkshop.com\/produit\/bague-de-guidage-darbre-en-bronze-pour-motoreducteur-1512\/"]}]},{"@type":"ImageObject","inLanguage":"en-GB","@id":"https:\/\/www.francksmodelworkshop.com\/produit\/bague-de-guidage-darbre-en-bronze-pour-motoreducteur-1512\/#primaryimage","url":"https:\/\/www.francksmodelworkshop.com\/wp-content\/uploads\/BMGH01_5-1.png","contentUrl":"https:\/\/www.francksmodelworkshop.com\/wp-content\/uploads\/BMGH01_5-1.png","width":640,"height":480},{"@type":"BreadcrumbList","@id":"https:\/\/www.francksmodelworkshop.com\/produit\/bague-de-guidage-darbre-en-bronze-pour-motoreducteur-1512\/#breadcrumb","itemListElement":[{"@type":"ListItem","position":1,"name":"Accueil","item":"https:\/\/www.francksmodelworkshop.com\/"},{"@type":"ListItem","position":2,"name":"Nos produits","item":"https:\/\/www.francksmodelworkshop.com\/nos-produits\/"},{"@type":"ListItem","position":3,"name":"Accessoires","item":"https:\/\/www.francksmodelworkshop.com\/categorie-produit\/accessoires\/"},{"@type":"ListItem","position":4,"name":"Bague de guidage d&rsquo;arbre en bronze pour motor\u00e9ducteur 1512"}]},{"@type":"WebSite","@id":"https:\/\/www.francksmodelworkshop.com\/#website","url":"https:\/\/www.francksmodelworkshop.com\/","name":"Franck&#039;s Model Workshop","description":"Premium Custom Narrow Gauge Models","publisher":{"@id":"https:\/\/www.francksmodelworkshop.com\/#organization"},"potentialAction":[{"@type":"SearchAction","target":{"@type":"EntryPoint","urlTemplate":"https:\/\/www.francksmodelworkshop.com\/?s={search_term_string}"},"query-input":{"@type":"PropertyValueSpecification","valueRequired":true,"valueName":"search_term_string"}}],"inLanguage":"en-GB"},{"@type":"Organization","@id":"https:\/\/www.francksmodelworkshop.com\/#organization","name":"Franck&#039;s Model Workshop","url":"https:\/\/www.francksmodelworkshop.com\/","logo":{"@type":"ImageObject","inLanguage":"en-GB","@id":"https:\/\/www.francksmodelworkshop.com\/#\/schema\/logo\/image\/","url":"https:\/\/www.francksmodelworkshop.com\/wp-content\/uploads\/logo-1.22.jpg","contentUrl":"https:\/\/www.francksmodelworkshop.com\/wp-content\/uploads\/logo-1.22.jpg","width":900,"height":831,"caption":"Franck&#039;s Model Workshop"},"image":{"@id":"https:\/\/www.francksmodelworkshop.com\/#\/schema\/logo\/image\/"},"sameAs":["https:\/\/www.facebook.com\/FrancksModelWorkshop\/"]}]}},"_links":{"self":[{"href":"https:\/\/www.francksmodelworkshop.com\/en\/wp-json\/wp\/v2\/product\/3041","targetHints":{"allow":["GET"]}}],"collection":[{"href":"https:\/\/www.francksmodelworkshop.com\/en\/wp-json\/wp\/v2\/product"}],"about":[{"href":"https:\/\/www.francksmodelworkshop.com\/en\/wp-json\/wp\/v2\/types\/product"}],"replies":[{"embeddable":true,"href":"https:\/\/www.francksmodelworkshop.com\/en\/wp-json\/wp\/v2\/comments?post=3041"}],"wp:featuredmedia":[{"embeddable":true,"href":"https:\/\/www.francksmodelworkshop.com\/en\/wp-json\/wp\/v2\/media\/3042"}],"wp:attachment":[{"href":"https:\/\/www.francksmodelworkshop.com\/en\/wp-json\/wp\/v2\/media?parent=3041"}],"wp:term":[{"taxonomy":"product_cat","embeddable":true,"href":"https:\/\/www.francksmodelworkshop.com\/en\/wp-json\/wp\/v2\/product_cat?post=3041"},{"taxonomy":"product_tag","embeddable":true,"href":"https:\/\/www.francksmodelworkshop.com\/en\/wp-json\/wp\/v2\/product_tag?post=3041"}],"curies":[{"name":"wp","href":"https:\/\/api.w.org\/{rel}","templated":true}]}}