{"id":2442,"date":"2023-10-30T10:19:58","date_gmt":"2023-10-30T09:19:58","guid":{"rendered":"https:\/\/www.francksmodelworkshop.com\/?post_type=product&#038;p=2442"},"modified":"2023-11-10T15:30:11","modified_gmt":"2023-11-10T14:30:11","slug":"paliers-epaules-en-bronze-x4","status":"publish","type":"product","link":"https:\/\/www.francksmodelworkshop.com\/en\/product\/paliers-epaules-en-bronze-x4\/","title":{"rendered":"Paliers \u00e9paul\u00e9s en bronze (x4)"},"content":{"rendered":"<div class=\"x11i5rnm xat24cr x1mh8g0r x1vvkbs xdj266r x126k92a\">\n<div dir=\"auto\">Precision bronze bearing with shoulder, bore 2mm +\/- 0.02. Outside diameter 4.8mm, shoulder 1mm, inside diameter 3.8mm, thickness 0.5mm, total thickness 1.5mm.<\/div>\n<div dir=\"auto\"><\/div>\n<div dir=\"auto\"><\/div>\n<\/div>\n<div dir=\"auto\"><\/div>\n<div class=\"x11i5rnm xat24cr x1mh8g0r x1vvkbs xtlvy1s x126k92a\">\n<div dir=\"auto\"><\/div>\n<\/div>\n<div class=\"x11i5rnm xat24cr x1mh8g0r x1vvkbs xtlvy1s x126k92a\">\n<div dir=\"auto\"><\/div>\n<\/div>","protected":false},"excerpt":{"rendered":"<p>These precision-machined bronze bearings are manufactured to close tolerances and are primarily intended for use with our axles used in our own range of 1:35 scale wheels.<\/p>\n<p>However, they can of course be used with confidence with other 2mm diameter shafts.<\/p>","protected":false},"featured_media":2219,"comment_status":"closed","ping_status":"closed","template":"","meta":{"_acf_changed":false},"product_cat":[20,77],"product_tag":[],"class_list":{"0":"post-2442","1":"product","2":"type-product","3":"status-publish","4":"has-post-thumbnail","6":"product_cat-accessoires","7":"product_cat-essieux","9":"first","10":"instock","11":"shipping-taxable","12":"purchasable","13":"product-type-simple"},"acf":[],"yoast_head":"<!-- This site is optimized with the Yoast SEO plugin v23.6 - https:\/\/yoast.com\/wordpress\/plugins\/seo\/ -->\n<title>Paliers \u00e9paul\u00e9s en bronze (x4) - Franck&#039;s Model Workshop<\/title>\n<meta name=\"robots\" content=\"index, follow, max-snippet:-1, max-image-preview:large, max-video-preview:-1\" \/>\n<link rel=\"canonical\" href=\"https:\/\/www.francksmodelworkshop.com\/en\/product\/paliers-epaules-en-bronze-x4\/\" \/>\n<meta property=\"og:locale\" content=\"en_GB\" \/>\n<meta property=\"og:type\" content=\"article\" \/>\n<meta property=\"og:title\" content=\"Paliers \u00e9paul\u00e9s en bronze (x4) - Franck&#039;s Model Workshop\" \/>\n<meta property=\"og:description\" content=\"Ces paliers en bronze usin\u00e9s avec pr\u00e9cision sont fabriqu\u00e9s avec des tol\u00e9rances \u00e9troites et sont principalement destin\u00e9s \u00e0 \u00eatre utilis\u00e9s avec nos axes utilis\u00e9s dans notre propre gamme de roues \u00e0 l&#039;\u00e9chelle 1:35.  Ils peuvent cependant \u00eatre utilis\u00e9s bien sur en toute confiance avec d&#039;autres axes de 2mm de diam\u00e8tre.\" \/>\n<meta property=\"og:url\" content=\"https:\/\/www.francksmodelworkshop.com\/en\/product\/paliers-epaules-en-bronze-x4\/\" \/>\n<meta property=\"og:site_name\" content=\"Franck&#039;s Model Workshop\" \/>\n<meta property=\"article:publisher\" content=\"https:\/\/www.facebook.com\/FrancksModelWorkshop\/\" \/>\n<meta property=\"article:modified_time\" content=\"2023-11-10T14:30:11+00:00\" \/>\n<meta property=\"og:image\" content=\"https:\/\/i0.wp.com\/www.francksmodelworkshop.com\/wp-content\/uploads\/THBB01.png?fit=640%2C305&ssl=1\" \/>\n\t<meta property=\"og:image:width\" content=\"640\" \/>\n\t<meta property=\"og:image:height\" content=\"305\" \/>\n\t<meta property=\"og:image:type\" content=\"image\/png\" \/>\n<meta name=\"twitter:card\" content=\"summary_large_image\" \/>\n<meta name=\"twitter:label1\" content=\"Estimated reading time\" \/>\n\t<meta name=\"twitter:data1\" content=\"1 minute\" \/>\n<script type=\"application\/ld+json\" class=\"yoast-schema-graph\">{\"@context\":\"https:\/\/schema.org\",\"@graph\":[{\"@type\":\"WebPage\",\"@id\":\"https:\/\/www.francksmodelworkshop.com\/produit\/paliers-epaules-en-bronze-x4\/\",\"url\":\"https:\/\/www.francksmodelworkshop.com\/produit\/paliers-epaules-en-bronze-x4\/\",\"name\":\"Paliers \u00e9paul\u00e9s en bronze (x4) - Franck&#039;s Model Workshop\",\"isPartOf\":{\"@id\":\"https:\/\/www.francksmodelworkshop.com\/#website\"},\"primaryImageOfPage\":{\"@id\":\"https:\/\/www.francksmodelworkshop.com\/produit\/paliers-epaules-en-bronze-x4\/#primaryimage\"},\"image\":{\"@id\":\"https:\/\/www.francksmodelworkshop.com\/produit\/paliers-epaules-en-bronze-x4\/#primaryimage\"},\"thumbnailUrl\":\"https:\/\/www.francksmodelworkshop.com\/wp-content\/uploads\/THBB01.png\",\"datePublished\":\"2023-10-30T09:19:58+00:00\",\"dateModified\":\"2023-11-10T14:30:11+00:00\",\"breadcrumb\":{\"@id\":\"https:\/\/www.francksmodelworkshop.com\/produit\/paliers-epaules-en-bronze-x4\/#breadcrumb\"},\"inLanguage\":\"en-GB\",\"potentialAction\":[{\"@type\":\"ReadAction\",\"target\":[\"https:\/\/www.francksmodelworkshop.com\/produit\/paliers-epaules-en-bronze-x4\/\"]}]},{\"@type\":\"ImageObject\",\"inLanguage\":\"en-GB\",\"@id\":\"https:\/\/www.francksmodelworkshop.com\/produit\/paliers-epaules-en-bronze-x4\/#primaryimage\",\"url\":\"https:\/\/www.francksmodelworkshop.com\/wp-content\/uploads\/THBB01.png\",\"contentUrl\":\"https:\/\/www.francksmodelworkshop.com\/wp-content\/uploads\/THBB01.png\",\"width\":640,\"height\":305},{\"@type\":\"BreadcrumbList\",\"@id\":\"https:\/\/www.francksmodelworkshop.com\/produit\/paliers-epaules-en-bronze-x4\/#breadcrumb\",\"itemListElement\":[{\"@type\":\"ListItem\",\"position\":1,\"name\":\"Accueil\",\"item\":\"https:\/\/www.francksmodelworkshop.com\/\"},{\"@type\":\"ListItem\",\"position\":2,\"name\":\"Nos produits\",\"item\":\"https:\/\/www.francksmodelworkshop.com\/nos-produits\/\"},{\"@type\":\"ListItem\",\"position\":3,\"name\":\"Accessoires\",\"item\":\"https:\/\/www.francksmodelworkshop.com\/categorie-produit\/accessoires\/\"},{\"@type\":\"ListItem\",\"position\":4,\"name\":\"Paliers \u00e9paul\u00e9s en bronze (x4)\"}]},{\"@type\":\"WebSite\",\"@id\":\"https:\/\/www.francksmodelworkshop.com\/#website\",\"url\":\"https:\/\/www.francksmodelworkshop.com\/\",\"name\":\"Franck&#039;s Model Workshop\",\"description\":\"Premium Custom Narrow Gauge Models\",\"publisher\":{\"@id\":\"https:\/\/www.francksmodelworkshop.com\/#organization\"},\"potentialAction\":[{\"@type\":\"SearchAction\",\"target\":{\"@type\":\"EntryPoint\",\"urlTemplate\":\"https:\/\/www.francksmodelworkshop.com\/?s={search_term_string}\"},\"query-input\":{\"@type\":\"PropertyValueSpecification\",\"valueRequired\":true,\"valueName\":\"search_term_string\"}}],\"inLanguage\":\"en-GB\"},{\"@type\":\"Organization\",\"@id\":\"https:\/\/www.francksmodelworkshop.com\/#organization\",\"name\":\"Franck&#039;s Model Workshop\",\"url\":\"https:\/\/www.francksmodelworkshop.com\/\",\"logo\":{\"@type\":\"ImageObject\",\"inLanguage\":\"en-GB\",\"@id\":\"https:\/\/www.francksmodelworkshop.com\/#\/schema\/logo\/image\/\",\"url\":\"https:\/\/www.francksmodelworkshop.com\/wp-content\/uploads\/logo-1.22.jpg\",\"contentUrl\":\"https:\/\/www.francksmodelworkshop.com\/wp-content\/uploads\/logo-1.22.jpg\",\"width\":900,\"height\":831,\"caption\":\"Franck&#039;s Model Workshop\"},\"image\":{\"@id\":\"https:\/\/www.francksmodelworkshop.com\/#\/schema\/logo\/image\/\"},\"sameAs\":[\"https:\/\/www.facebook.com\/FrancksModelWorkshop\/\"]}]}<\/script>\n<!-- \/ Yoast SEO plugin. -->","yoast_head_json":{"title":"Paliers \u00e9paul\u00e9s en bronze (x4) - Franck&#039;s Model Workshop","robots":{"index":"index","follow":"follow","max-snippet":"max-snippet:-1","max-image-preview":"max-image-preview:large","max-video-preview":"max-video-preview:-1"},"canonical":"https:\/\/www.francksmodelworkshop.com\/en\/product\/paliers-epaules-en-bronze-x4\/","og_locale":"en_GB","og_type":"article","og_title":"Paliers \u00e9paul\u00e9s en bronze (x4) - Franck&#039;s Model Workshop","og_description":"Ces paliers en bronze usin\u00e9s avec pr\u00e9cision sont fabriqu\u00e9s avec des tol\u00e9rances \u00e9troites et sont principalement destin\u00e9s \u00e0 \u00eatre utilis\u00e9s avec nos axes utilis\u00e9s dans notre propre gamme de roues \u00e0 l'\u00e9chelle 1:35.  Ils peuvent cependant \u00eatre utilis\u00e9s bien sur en toute confiance avec d'autres axes de 2mm de diam\u00e8tre.","og_url":"https:\/\/www.francksmodelworkshop.com\/en\/product\/paliers-epaules-en-bronze-x4\/","og_site_name":"Franck&#039;s Model Workshop","article_publisher":"https:\/\/www.facebook.com\/FrancksModelWorkshop\/","article_modified_time":"2023-11-10T14:30:11+00:00","og_image":[{"width":640,"height":305,"url":"https:\/\/i0.wp.com\/www.francksmodelworkshop.com\/wp-content\/uploads\/THBB01.png?fit=640%2C305&ssl=1","type":"image\/png"}],"twitter_card":"summary_large_image","twitter_misc":{"Estimated reading time":"1 minute"},"schema":{"@context":"https:\/\/schema.org","@graph":[{"@type":"WebPage","@id":"https:\/\/www.francksmodelworkshop.com\/produit\/paliers-epaules-en-bronze-x4\/","url":"https:\/\/www.francksmodelworkshop.com\/produit\/paliers-epaules-en-bronze-x4\/","name":"Paliers \u00e9paul\u00e9s en bronze (x4) - Franck&#039;s Model Workshop","isPartOf":{"@id":"https:\/\/www.francksmodelworkshop.com\/#website"},"primaryImageOfPage":{"@id":"https:\/\/www.francksmodelworkshop.com\/produit\/paliers-epaules-en-bronze-x4\/#primaryimage"},"image":{"@id":"https:\/\/www.francksmodelworkshop.com\/produit\/paliers-epaules-en-bronze-x4\/#primaryimage"},"thumbnailUrl":"https:\/\/www.francksmodelworkshop.com\/wp-content\/uploads\/THBB01.png","datePublished":"2023-10-30T09:19:58+00:00","dateModified":"2023-11-10T14:30:11+00:00","breadcrumb":{"@id":"https:\/\/www.francksmodelworkshop.com\/produit\/paliers-epaules-en-bronze-x4\/#breadcrumb"},"inLanguage":"en-GB","potentialAction":[{"@type":"ReadAction","target":["https:\/\/www.francksmodelworkshop.com\/produit\/paliers-epaules-en-bronze-x4\/"]}]},{"@type":"ImageObject","inLanguage":"en-GB","@id":"https:\/\/www.francksmodelworkshop.com\/produit\/paliers-epaules-en-bronze-x4\/#primaryimage","url":"https:\/\/www.francksmodelworkshop.com\/wp-content\/uploads\/THBB01.png","contentUrl":"https:\/\/www.francksmodelworkshop.com\/wp-content\/uploads\/THBB01.png","width":640,"height":305},{"@type":"BreadcrumbList","@id":"https:\/\/www.francksmodelworkshop.com\/produit\/paliers-epaules-en-bronze-x4\/#breadcrumb","itemListElement":[{"@type":"ListItem","position":1,"name":"Accueil","item":"https:\/\/www.francksmodelworkshop.com\/"},{"@type":"ListItem","position":2,"name":"Nos produits","item":"https:\/\/www.francksmodelworkshop.com\/nos-produits\/"},{"@type":"ListItem","position":3,"name":"Accessoires","item":"https:\/\/www.francksmodelworkshop.com\/categorie-produit\/accessoires\/"},{"@type":"ListItem","position":4,"name":"Paliers \u00e9paul\u00e9s en bronze (x4)"}]},{"@type":"WebSite","@id":"https:\/\/www.francksmodelworkshop.com\/#website","url":"https:\/\/www.francksmodelworkshop.com\/","name":"Franck&#039;s Model Workshop","description":"Premium Custom Narrow Gauge Models","publisher":{"@id":"https:\/\/www.francksmodelworkshop.com\/#organization"},"potentialAction":[{"@type":"SearchAction","target":{"@type":"EntryPoint","urlTemplate":"https:\/\/www.francksmodelworkshop.com\/?s={search_term_string}"},"query-input":{"@type":"PropertyValueSpecification","valueRequired":true,"valueName":"search_term_string"}}],"inLanguage":"en-GB"},{"@type":"Organization","@id":"https:\/\/www.francksmodelworkshop.com\/#organization","name":"Franck&#039;s Model Workshop","url":"https:\/\/www.francksmodelworkshop.com\/","logo":{"@type":"ImageObject","inLanguage":"en-GB","@id":"https:\/\/www.francksmodelworkshop.com\/#\/schema\/logo\/image\/","url":"https:\/\/www.francksmodelworkshop.com\/wp-content\/uploads\/logo-1.22.jpg","contentUrl":"https:\/\/www.francksmodelworkshop.com\/wp-content\/uploads\/logo-1.22.jpg","width":900,"height":831,"caption":"Franck&#039;s Model Workshop"},"image":{"@id":"https:\/\/www.francksmodelworkshop.com\/#\/schema\/logo\/image\/"},"sameAs":["https:\/\/www.facebook.com\/FrancksModelWorkshop\/"]}]}},"_links":{"self":[{"href":"https:\/\/www.francksmodelworkshop.com\/en\/wp-json\/wp\/v2\/product\/2442","targetHints":{"allow":["GET"]}}],"collection":[{"href":"https:\/\/www.francksmodelworkshop.com\/en\/wp-json\/wp\/v2\/product"}],"about":[{"href":"https:\/\/www.francksmodelworkshop.com\/en\/wp-json\/wp\/v2\/types\/product"}],"replies":[{"embeddable":true,"href":"https:\/\/www.francksmodelworkshop.com\/en\/wp-json\/wp\/v2\/comments?post=2442"}],"wp:featuredmedia":[{"embeddable":true,"href":"https:\/\/www.francksmodelworkshop.com\/en\/wp-json\/wp\/v2\/media\/2219"}],"wp:attachment":[{"href":"https:\/\/www.francksmodelworkshop.com\/en\/wp-json\/wp\/v2\/media?parent=2442"}],"wp:term":[{"taxonomy":"product_cat","embeddable":true,"href":"https:\/\/www.francksmodelworkshop.com\/en\/wp-json\/wp\/v2\/product_cat?post=2442"},{"taxonomy":"product_tag","embeddable":true,"href":"https:\/\/www.francksmodelworkshop.com\/en\/wp-json\/wp\/v2\/product_tag?post=2442"}],"curies":[{"name":"wp","href":"https:\/\/api.w.org\/{rel}","templated":true}]}}