{"id":2316,"date":"2023-10-23T18:30:48","date_gmt":"2023-10-23T16:30:48","guid":{"rendered":"https:\/\/www.francksmodelworkshop.com\/?post_type=product&#038;p=2316"},"modified":"2023-10-27T14:56:48","modified_gmt":"2023-10-27T12:56:48","slug":"wagonnets-basculant-type-dolberg-1m3","status":"publish","type":"product","link":"https:\/\/www.francksmodelworkshop.com\/en\/product\/wagonnets-basculant-type-dolberg-1m3\/","title":{"rendered":"1m3 Dump Wagons"},"content":{"rendered":"<p>Set of three dump wagons, 1m3 capacity, to DIN 5971 standard<\/p>","protected":false},"excerpt":{"rendered":"<p>These three wagon kits include engraved and chemically etched brass parts, as well as nickel silver lost-wax castings.<br \/>\n<br \/>\n<\/br><br \/>\nAssembly is by welding, and requires bending and rivet embossing tools.<br \/>\n<br \/>\n<\/br><br \/>\nEach kit includes the wheels, brass bearings and all the sheet metal and foundry parts needed to build the three wagons.<\/p>\n<p>&nbsp;<\/p>\n<p>&nbsp;<\/p>","protected":false},"featured_media":2318,"comment_status":"open","ping_status":"closed","template":"","meta":{"_acf_changed":false},"product_cat":[76,61],"product_tag":[],"class_list":{"0":"post-2316","1":"product","2":"type-product","3":"status-publish","4":"has-post-thumbnail","6":"product_cat-materiel-roulant-kit","7":"product_cat-modeles-en-kit","9":"first","10":"outofstock","11":"shipping-taxable","12":"product-type-simple"},"acf":[],"yoast_head":"<!-- This site is optimized with the Yoast SEO plugin v23.6 - https:\/\/yoast.com\/wordpress\/plugins\/seo\/ -->\n<title>Wagonnets \u00e0 benne basculante 1m3 - Franck&#039;s Model Workshop<\/title>\n<meta name=\"robots\" content=\"index, follow, max-snippet:-1, max-image-preview:large, max-video-preview:-1\" \/>\n<link rel=\"canonical\" href=\"https:\/\/www.francksmodelworkshop.com\/en\/product\/wagonnets-basculant-type-dolberg-1m3\/\" \/>\n<meta property=\"og:locale\" content=\"en_GB\" \/>\n<meta property=\"og:type\" content=\"article\" \/>\n<meta property=\"og:title\" content=\"Wagonnets \u00e0 benne basculante 1m3 - Franck&#039;s Model Workshop\" \/>\n<meta property=\"og:description\" content=\"Ces trois kits de wagonnets sont compos\u00e9s de pi\u00e8ces en laiton grav\u00e9es et d\u00e9coup\u00e9es chimiquement, ainsi que de pi\u00e8ces moul\u00e9es \u00e0 la cire perdue en maillechort.   L&#039;assemblage se fait par soudure, et demande des outils de pliage et d&#039;embossage de rivets.    Chaque kit comprend les roues, les paliers laiton, l&#039;ensemble des pi\u00e8ces de t\u00f4lerie et de fonderies n\u00e9cessaires \u00e0 la construction des trois wagons.  &nbsp;  &nbsp;\" \/>\n<meta property=\"og:url\" content=\"https:\/\/www.francksmodelworkshop.com\/en\/product\/wagonnets-basculant-type-dolberg-1m3\/\" \/>\n<meta property=\"og:site_name\" content=\"Franck&#039;s Model Workshop\" \/>\n<meta property=\"article:publisher\" content=\"https:\/\/www.facebook.com\/FrancksModelWorkshop\/\" \/>\n<meta property=\"article:modified_time\" content=\"2023-10-27T12:56:48+00:00\" \/>\n<meta property=\"og:image\" content=\"https:\/\/i0.wp.com\/www.francksmodelworkshop.com\/wp-content\/uploads\/Muldenkipper-1m3-DIN-5971-rotated.jpg?fit=908%2C640&ssl=1\" \/>\n\t<meta property=\"og:image:width\" content=\"908\" \/>\n\t<meta property=\"og:image:height\" content=\"640\" \/>\n\t<meta property=\"og:image:type\" content=\"image\/jpeg\" \/>\n<meta name=\"twitter:card\" content=\"summary_large_image\" \/>\n<meta name=\"twitter:label1\" content=\"Estimated reading time\" \/>\n\t<meta name=\"twitter:data1\" content=\"1 minute\" \/>\n<script type=\"application\/ld+json\" class=\"yoast-schema-graph\">{\"@context\":\"https:\/\/schema.org\",\"@graph\":[{\"@type\":\"WebPage\",\"@id\":\"https:\/\/www.francksmodelworkshop.com\/produit\/wagonnets-basculant-type-dolberg-1m3\/\",\"url\":\"https:\/\/www.francksmodelworkshop.com\/produit\/wagonnets-basculant-type-dolberg-1m3\/\",\"name\":\"Wagonnets \u00e0 benne basculante 1m3 - Franck&#039;s Model Workshop\",\"isPartOf\":{\"@id\":\"https:\/\/www.francksmodelworkshop.com\/#website\"},\"primaryImageOfPage\":{\"@id\":\"https:\/\/www.francksmodelworkshop.com\/produit\/wagonnets-basculant-type-dolberg-1m3\/#primaryimage\"},\"image\":{\"@id\":\"https:\/\/www.francksmodelworkshop.com\/produit\/wagonnets-basculant-type-dolberg-1m3\/#primaryimage\"},\"thumbnailUrl\":\"https:\/\/www.francksmodelworkshop.com\/wp-content\/uploads\/Muldenkipper-1m3-DIN-5971-rotated.jpg\",\"datePublished\":\"2023-10-23T16:30:48+00:00\",\"dateModified\":\"2023-10-27T12:56:48+00:00\",\"breadcrumb\":{\"@id\":\"https:\/\/www.francksmodelworkshop.com\/produit\/wagonnets-basculant-type-dolberg-1m3\/#breadcrumb\"},\"inLanguage\":\"en-GB\",\"potentialAction\":[{\"@type\":\"ReadAction\",\"target\":[\"https:\/\/www.francksmodelworkshop.com\/produit\/wagonnets-basculant-type-dolberg-1m3\/\"]}]},{\"@type\":\"ImageObject\",\"inLanguage\":\"en-GB\",\"@id\":\"https:\/\/www.francksmodelworkshop.com\/produit\/wagonnets-basculant-type-dolberg-1m3\/#primaryimage\",\"url\":\"https:\/\/www.francksmodelworkshop.com\/wp-content\/uploads\/Muldenkipper-1m3-DIN-5971-rotated.jpg\",\"contentUrl\":\"https:\/\/www.francksmodelworkshop.com\/wp-content\/uploads\/Muldenkipper-1m3-DIN-5971-rotated.jpg\",\"width\":908,\"height\":640,\"caption\":\"LEAD Technologies Inc. V1.01\"},{\"@type\":\"BreadcrumbList\",\"@id\":\"https:\/\/www.francksmodelworkshop.com\/produit\/wagonnets-basculant-type-dolberg-1m3\/#breadcrumb\",\"itemListElement\":[{\"@type\":\"ListItem\",\"position\":1,\"name\":\"Accueil\",\"item\":\"https:\/\/www.francksmodelworkshop.com\/\"},{\"@type\":\"ListItem\",\"position\":2,\"name\":\"Nos produits\",\"item\":\"https:\/\/www.francksmodelworkshop.com\/nos-produits\/\"},{\"@type\":\"ListItem\",\"position\":3,\"name\":\"Mod\u00e8les en Kit\",\"item\":\"https:\/\/www.francksmodelworkshop.com\/categorie-produit\/modeles-en-kit\/\"},{\"@type\":\"ListItem\",\"position\":4,\"name\":\"Wagonnets \u00e0 benne basculante 1m3\"}]},{\"@type\":\"WebSite\",\"@id\":\"https:\/\/www.francksmodelworkshop.com\/#website\",\"url\":\"https:\/\/www.francksmodelworkshop.com\/\",\"name\":\"Franck&#039;s Model Workshop\",\"description\":\"Premium Custom Narrow Gauge Models\",\"publisher\":{\"@id\":\"https:\/\/www.francksmodelworkshop.com\/#organization\"},\"potentialAction\":[{\"@type\":\"SearchAction\",\"target\":{\"@type\":\"EntryPoint\",\"urlTemplate\":\"https:\/\/www.francksmodelworkshop.com\/?s={search_term_string}\"},\"query-input\":{\"@type\":\"PropertyValueSpecification\",\"valueRequired\":true,\"valueName\":\"search_term_string\"}}],\"inLanguage\":\"en-GB\"},{\"@type\":\"Organization\",\"@id\":\"https:\/\/www.francksmodelworkshop.com\/#organization\",\"name\":\"Franck&#039;s Model Workshop\",\"url\":\"https:\/\/www.francksmodelworkshop.com\/\",\"logo\":{\"@type\":\"ImageObject\",\"inLanguage\":\"en-GB\",\"@id\":\"https:\/\/www.francksmodelworkshop.com\/#\/schema\/logo\/image\/\",\"url\":\"https:\/\/www.francksmodelworkshop.com\/wp-content\/uploads\/logo-1.22.jpg\",\"contentUrl\":\"https:\/\/www.francksmodelworkshop.com\/wp-content\/uploads\/logo-1.22.jpg\",\"width\":900,\"height\":831,\"caption\":\"Franck&#039;s Model Workshop\"},\"image\":{\"@id\":\"https:\/\/www.francksmodelworkshop.com\/#\/schema\/logo\/image\/\"},\"sameAs\":[\"https:\/\/www.facebook.com\/FrancksModelWorkshop\/\"]}]}<\/script>\n<!-- \/ Yoast SEO plugin. -->","yoast_head_json":{"title":"Wagonnets \u00e0 benne basculante 1m3 - Franck&#039;s Model Workshop","robots":{"index":"index","follow":"follow","max-snippet":"max-snippet:-1","max-image-preview":"max-image-preview:large","max-video-preview":"max-video-preview:-1"},"canonical":"https:\/\/www.francksmodelworkshop.com\/en\/product\/wagonnets-basculant-type-dolberg-1m3\/","og_locale":"en_GB","og_type":"article","og_title":"Wagonnets \u00e0 benne basculante 1m3 - Franck&#039;s Model Workshop","og_description":"Ces trois kits de wagonnets sont compos\u00e9s de pi\u00e8ces en laiton grav\u00e9es et d\u00e9coup\u00e9es chimiquement, ainsi que de pi\u00e8ces moul\u00e9es \u00e0 la cire perdue en maillechort.   L'assemblage se fait par soudure, et demande des outils de pliage et d'embossage de rivets.    Chaque kit comprend les roues, les paliers laiton, l'ensemble des pi\u00e8ces de t\u00f4lerie et de fonderies n\u00e9cessaires \u00e0 la construction des trois wagons.  &nbsp;  &nbsp;","og_url":"https:\/\/www.francksmodelworkshop.com\/en\/product\/wagonnets-basculant-type-dolberg-1m3\/","og_site_name":"Franck&#039;s Model Workshop","article_publisher":"https:\/\/www.facebook.com\/FrancksModelWorkshop\/","article_modified_time":"2023-10-27T12:56:48+00:00","og_image":[{"width":908,"height":640,"url":"https:\/\/i0.wp.com\/www.francksmodelworkshop.com\/wp-content\/uploads\/Muldenkipper-1m3-DIN-5971-rotated.jpg?fit=908%2C640&ssl=1","type":"image\/jpeg"}],"twitter_card":"summary_large_image","twitter_misc":{"Estimated reading time":"1 minute"},"schema":{"@context":"https:\/\/schema.org","@graph":[{"@type":"WebPage","@id":"https:\/\/www.francksmodelworkshop.com\/produit\/wagonnets-basculant-type-dolberg-1m3\/","url":"https:\/\/www.francksmodelworkshop.com\/produit\/wagonnets-basculant-type-dolberg-1m3\/","name":"Wagonnets \u00e0 benne basculante 1m3 - Franck&#039;s Model Workshop","isPartOf":{"@id":"https:\/\/www.francksmodelworkshop.com\/#website"},"primaryImageOfPage":{"@id":"https:\/\/www.francksmodelworkshop.com\/produit\/wagonnets-basculant-type-dolberg-1m3\/#primaryimage"},"image":{"@id":"https:\/\/www.francksmodelworkshop.com\/produit\/wagonnets-basculant-type-dolberg-1m3\/#primaryimage"},"thumbnailUrl":"https:\/\/www.francksmodelworkshop.com\/wp-content\/uploads\/Muldenkipper-1m3-DIN-5971-rotated.jpg","datePublished":"2023-10-23T16:30:48+00:00","dateModified":"2023-10-27T12:56:48+00:00","breadcrumb":{"@id":"https:\/\/www.francksmodelworkshop.com\/produit\/wagonnets-basculant-type-dolberg-1m3\/#breadcrumb"},"inLanguage":"en-GB","potentialAction":[{"@type":"ReadAction","target":["https:\/\/www.francksmodelworkshop.com\/produit\/wagonnets-basculant-type-dolberg-1m3\/"]}]},{"@type":"ImageObject","inLanguage":"en-GB","@id":"https:\/\/www.francksmodelworkshop.com\/produit\/wagonnets-basculant-type-dolberg-1m3\/#primaryimage","url":"https:\/\/www.francksmodelworkshop.com\/wp-content\/uploads\/Muldenkipper-1m3-DIN-5971-rotated.jpg","contentUrl":"https:\/\/www.francksmodelworkshop.com\/wp-content\/uploads\/Muldenkipper-1m3-DIN-5971-rotated.jpg","width":908,"height":640,"caption":"LEAD Technologies Inc. V1.01"},{"@type":"BreadcrumbList","@id":"https:\/\/www.francksmodelworkshop.com\/produit\/wagonnets-basculant-type-dolberg-1m3\/#breadcrumb","itemListElement":[{"@type":"ListItem","position":1,"name":"Accueil","item":"https:\/\/www.francksmodelworkshop.com\/"},{"@type":"ListItem","position":2,"name":"Nos produits","item":"https:\/\/www.francksmodelworkshop.com\/nos-produits\/"},{"@type":"ListItem","position":3,"name":"Mod\u00e8les en Kit","item":"https:\/\/www.francksmodelworkshop.com\/categorie-produit\/modeles-en-kit\/"},{"@type":"ListItem","position":4,"name":"Wagonnets \u00e0 benne basculante 1m3"}]},{"@type":"WebSite","@id":"https:\/\/www.francksmodelworkshop.com\/#website","url":"https:\/\/www.francksmodelworkshop.com\/","name":"Franck&#039;s Model Workshop","description":"Premium Custom Narrow Gauge Models","publisher":{"@id":"https:\/\/www.francksmodelworkshop.com\/#organization"},"potentialAction":[{"@type":"SearchAction","target":{"@type":"EntryPoint","urlTemplate":"https:\/\/www.francksmodelworkshop.com\/?s={search_term_string}"},"query-input":{"@type":"PropertyValueSpecification","valueRequired":true,"valueName":"search_term_string"}}],"inLanguage":"en-GB"},{"@type":"Organization","@id":"https:\/\/www.francksmodelworkshop.com\/#organization","name":"Franck&#039;s Model Workshop","url":"https:\/\/www.francksmodelworkshop.com\/","logo":{"@type":"ImageObject","inLanguage":"en-GB","@id":"https:\/\/www.francksmodelworkshop.com\/#\/schema\/logo\/image\/","url":"https:\/\/www.francksmodelworkshop.com\/wp-content\/uploads\/logo-1.22.jpg","contentUrl":"https:\/\/www.francksmodelworkshop.com\/wp-content\/uploads\/logo-1.22.jpg","width":900,"height":831,"caption":"Franck&#039;s Model Workshop"},"image":{"@id":"https:\/\/www.francksmodelworkshop.com\/#\/schema\/logo\/image\/"},"sameAs":["https:\/\/www.facebook.com\/FrancksModelWorkshop\/"]}]}},"_links":{"self":[{"href":"https:\/\/www.francksmodelworkshop.com\/en\/wp-json\/wp\/v2\/product\/2316","targetHints":{"allow":["GET"]}}],"collection":[{"href":"https:\/\/www.francksmodelworkshop.com\/en\/wp-json\/wp\/v2\/product"}],"about":[{"href":"https:\/\/www.francksmodelworkshop.com\/en\/wp-json\/wp\/v2\/types\/product"}],"replies":[{"embeddable":true,"href":"https:\/\/www.francksmodelworkshop.com\/en\/wp-json\/wp\/v2\/comments?post=2316"}],"wp:featuredmedia":[{"embeddable":true,"href":"https:\/\/www.francksmodelworkshop.com\/en\/wp-json\/wp\/v2\/media\/2318"}],"wp:attachment":[{"href":"https:\/\/www.francksmodelworkshop.com\/en\/wp-json\/wp\/v2\/media?parent=2316"}],"wp:term":[{"taxonomy":"product_cat","embeddable":true,"href":"https:\/\/www.francksmodelworkshop.com\/en\/wp-json\/wp\/v2\/product_cat?post=2316"},{"taxonomy":"product_tag","embeddable":true,"href":"https:\/\/www.francksmodelworkshop.com\/en\/wp-json\/wp\/v2\/product_tag?post=2316"}],"curies":[{"name":"wp","href":"https:\/\/api.w.org\/{rel}","templated":true}]}}