{"id":2247,"date":"2023-10-19T15:28:36","date_gmt":"2023-10-19T13:28:36","guid":{"rendered":"https:\/\/www.francksmodelworkshop.com\/?post_type=product&#038;p=2247"},"modified":"2023-11-10T15:33:44","modified_gmt":"2023-11-10T14:33:44","slug":"courroie-ronde-22mm-x3","status":"publish","type":"product","link":"https:\/\/www.francksmodelworkshop.com\/en\/product\/courroie-ronde-22mm-x3\/","title":{"rendered":"22mm round belt (x3)"},"content":{"rendered":"<p>Extremely strong round synthetic rubber belt, 1 mm torus, 22 mm inside diameter.<\/p>\n<div class=\"x11i5rnm xat24cr x1mh8g0r x1vvkbs xtlvy1s x126k92a\">\n<div dir=\"auto\"><\/div>\n<\/div>\n<div class=\"x11i5rnm xat24cr x1mh8g0r x1vvkbs xtlvy1s x126k92a\">\n<div dir=\"auto\"><\/div>\n<\/div>","protected":false},"excerpt":{"rendered":"<p>These belts are for use with our 3mm foot pulleys. For example, with this 22mm inside diameter belt, you can achieve an axle centre distance of 33mm for your mechanical chassis.<\/p>\n<p>Don't hesitate to ask us about other centre distances, as we also have a wide range of belt diameters.<\/p>","protected":false},"featured_media":2237,"comment_status":"closed","ping_status":"closed","template":"","meta":{"_acf_changed":false},"product_cat":[20,78],"product_tag":[],"class_list":{"0":"post-2247","1":"product","2":"type-product","3":"status-publish","4":"has-post-thumbnail","6":"product_cat-accessoires","7":"product_cat-motorisation","9":"first","10":"instock","11":"shipping-taxable","12":"purchasable","13":"product-type-simple"},"acf":[],"yoast_head":"<!-- This site is optimized with the Yoast SEO plugin v23.6 - https:\/\/yoast.com\/wordpress\/plugins\/seo\/ -->\n<title>Courroie ronde 22mm (x3) - Franck&#039;s Model Workshop<\/title>\n<meta name=\"robots\" content=\"index, follow, max-snippet:-1, max-image-preview:large, max-video-preview:-1\" \/>\n<link rel=\"canonical\" href=\"https:\/\/www.francksmodelworkshop.com\/en\/product\/courroie-ronde-22mm-x3\/\" \/>\n<meta property=\"og:locale\" content=\"en_GB\" \/>\n<meta property=\"og:type\" content=\"article\" \/>\n<meta property=\"og:title\" content=\"Courroie ronde 22mm (x3) - Franck&#039;s Model Workshop\" \/>\n<meta property=\"og:description\" content=\"Ces courroies sont \u00e0 utiliser avec nos poulies de 3mm de pied, vous pourrez r\u00e9aliser par exemple avec cette courroie de 22mm de diam\u00e8tre int\u00e9rieur, un entraxe d&#039;essieux pour vos ch\u00e2ssis m\u00e9caniques de 33mm.   N\u2019h\u00e9sitez pas \u00e0 nous interroger pour d&#039;autres entraxes, nous poss\u00e9dons \u00e9galement un grand nombre de diam\u00e8tre de courroie.\" \/>\n<meta property=\"og:url\" content=\"https:\/\/www.francksmodelworkshop.com\/en\/product\/courroie-ronde-22mm-x3\/\" \/>\n<meta property=\"og:site_name\" content=\"Franck&#039;s Model Workshop\" \/>\n<meta property=\"article:publisher\" content=\"https:\/\/www.facebook.com\/FrancksModelWorkshop\/\" \/>\n<meta property=\"article:modified_time\" content=\"2023-11-10T14:33:44+00:00\" \/>\n<meta property=\"og:image\" content=\"https:\/\/i0.wp.com\/www.francksmodelworkshop.com\/wp-content\/uploads\/OR17.png?fit=640%2C480&ssl=1\" \/>\n\t<meta property=\"og:image:width\" content=\"640\" \/>\n\t<meta property=\"og:image:height\" content=\"480\" \/>\n\t<meta property=\"og:image:type\" content=\"image\/png\" \/>\n<meta name=\"twitter:card\" content=\"summary_large_image\" \/>\n<meta name=\"twitter:label1\" content=\"Estimated reading time\" \/>\n\t<meta name=\"twitter:data1\" content=\"1 minute\" \/>\n<script type=\"application\/ld+json\" class=\"yoast-schema-graph\">{\"@context\":\"https:\/\/schema.org\",\"@graph\":[{\"@type\":\"WebPage\",\"@id\":\"https:\/\/www.francksmodelworkshop.com\/produit\/courroie-ronde-22mm-x3\/\",\"url\":\"https:\/\/www.francksmodelworkshop.com\/produit\/courroie-ronde-22mm-x3\/\",\"name\":\"Courroie ronde 22mm (x3) - Franck&#039;s Model Workshop\",\"isPartOf\":{\"@id\":\"https:\/\/www.francksmodelworkshop.com\/#website\"},\"primaryImageOfPage\":{\"@id\":\"https:\/\/www.francksmodelworkshop.com\/produit\/courroie-ronde-22mm-x3\/#primaryimage\"},\"image\":{\"@id\":\"https:\/\/www.francksmodelworkshop.com\/produit\/courroie-ronde-22mm-x3\/#primaryimage\"},\"thumbnailUrl\":\"https:\/\/www.francksmodelworkshop.com\/wp-content\/uploads\/OR17.png\",\"datePublished\":\"2023-10-19T13:28:36+00:00\",\"dateModified\":\"2023-11-10T14:33:44+00:00\",\"breadcrumb\":{\"@id\":\"https:\/\/www.francksmodelworkshop.com\/produit\/courroie-ronde-22mm-x3\/#breadcrumb\"},\"inLanguage\":\"en-GB\",\"potentialAction\":[{\"@type\":\"ReadAction\",\"target\":[\"https:\/\/www.francksmodelworkshop.com\/produit\/courroie-ronde-22mm-x3\/\"]}]},{\"@type\":\"ImageObject\",\"inLanguage\":\"en-GB\",\"@id\":\"https:\/\/www.francksmodelworkshop.com\/produit\/courroie-ronde-22mm-x3\/#primaryimage\",\"url\":\"https:\/\/www.francksmodelworkshop.com\/wp-content\/uploads\/OR17.png\",\"contentUrl\":\"https:\/\/www.francksmodelworkshop.com\/wp-content\/uploads\/OR17.png\",\"width\":640,\"height\":480},{\"@type\":\"BreadcrumbList\",\"@id\":\"https:\/\/www.francksmodelworkshop.com\/produit\/courroie-ronde-22mm-x3\/#breadcrumb\",\"itemListElement\":[{\"@type\":\"ListItem\",\"position\":1,\"name\":\"Accueil\",\"item\":\"https:\/\/www.francksmodelworkshop.com\/\"},{\"@type\":\"ListItem\",\"position\":2,\"name\":\"Nos produits\",\"item\":\"https:\/\/www.francksmodelworkshop.com\/nos-produits\/\"},{\"@type\":\"ListItem\",\"position\":3,\"name\":\"Accessoires\",\"item\":\"https:\/\/www.francksmodelworkshop.com\/categorie-produit\/accessoires\/\"},{\"@type\":\"ListItem\",\"position\":4,\"name\":\"Courroie ronde 22mm (x3)\"}]},{\"@type\":\"WebSite\",\"@id\":\"https:\/\/www.francksmodelworkshop.com\/#website\",\"url\":\"https:\/\/www.francksmodelworkshop.com\/\",\"name\":\"Franck&#039;s Model Workshop\",\"description\":\"Premium Custom Narrow Gauge Models\",\"publisher\":{\"@id\":\"https:\/\/www.francksmodelworkshop.com\/#organization\"},\"potentialAction\":[{\"@type\":\"SearchAction\",\"target\":{\"@type\":\"EntryPoint\",\"urlTemplate\":\"https:\/\/www.francksmodelworkshop.com\/?s={search_term_string}\"},\"query-input\":{\"@type\":\"PropertyValueSpecification\",\"valueRequired\":true,\"valueName\":\"search_term_string\"}}],\"inLanguage\":\"en-GB\"},{\"@type\":\"Organization\",\"@id\":\"https:\/\/www.francksmodelworkshop.com\/#organization\",\"name\":\"Franck&#039;s Model Workshop\",\"url\":\"https:\/\/www.francksmodelworkshop.com\/\",\"logo\":{\"@type\":\"ImageObject\",\"inLanguage\":\"en-GB\",\"@id\":\"https:\/\/www.francksmodelworkshop.com\/#\/schema\/logo\/image\/\",\"url\":\"https:\/\/www.francksmodelworkshop.com\/wp-content\/uploads\/logo-1.22.jpg\",\"contentUrl\":\"https:\/\/www.francksmodelworkshop.com\/wp-content\/uploads\/logo-1.22.jpg\",\"width\":900,\"height\":831,\"caption\":\"Franck&#039;s Model Workshop\"},\"image\":{\"@id\":\"https:\/\/www.francksmodelworkshop.com\/#\/schema\/logo\/image\/\"},\"sameAs\":[\"https:\/\/www.facebook.com\/FrancksModelWorkshop\/\"]}]}<\/script>\n<!-- \/ Yoast SEO plugin. -->","yoast_head_json":{"title":"Courroie ronde 22mm (x3) - Franck&#039;s Model Workshop","robots":{"index":"index","follow":"follow","max-snippet":"max-snippet:-1","max-image-preview":"max-image-preview:large","max-video-preview":"max-video-preview:-1"},"canonical":"https:\/\/www.francksmodelworkshop.com\/en\/product\/courroie-ronde-22mm-x3\/","og_locale":"en_GB","og_type":"article","og_title":"Courroie ronde 22mm (x3) - Franck&#039;s Model Workshop","og_description":"Ces courroies sont \u00e0 utiliser avec nos poulies de 3mm de pied, vous pourrez r\u00e9aliser par exemple avec cette courroie de 22mm de diam\u00e8tre int\u00e9rieur, un entraxe d'essieux pour vos ch\u00e2ssis m\u00e9caniques de 33mm.   N\u2019h\u00e9sitez pas \u00e0 nous interroger pour d'autres entraxes, nous poss\u00e9dons \u00e9galement un grand nombre de diam\u00e8tre de courroie.","og_url":"https:\/\/www.francksmodelworkshop.com\/en\/product\/courroie-ronde-22mm-x3\/","og_site_name":"Franck&#039;s Model Workshop","article_publisher":"https:\/\/www.facebook.com\/FrancksModelWorkshop\/","article_modified_time":"2023-11-10T14:33:44+00:00","og_image":[{"width":640,"height":480,"url":"https:\/\/i0.wp.com\/www.francksmodelworkshop.com\/wp-content\/uploads\/OR17.png?fit=640%2C480&ssl=1","type":"image\/png"}],"twitter_card":"summary_large_image","twitter_misc":{"Estimated reading time":"1 minute"},"schema":{"@context":"https:\/\/schema.org","@graph":[{"@type":"WebPage","@id":"https:\/\/www.francksmodelworkshop.com\/produit\/courroie-ronde-22mm-x3\/","url":"https:\/\/www.francksmodelworkshop.com\/produit\/courroie-ronde-22mm-x3\/","name":"Courroie ronde 22mm (x3) - Franck&#039;s Model Workshop","isPartOf":{"@id":"https:\/\/www.francksmodelworkshop.com\/#website"},"primaryImageOfPage":{"@id":"https:\/\/www.francksmodelworkshop.com\/produit\/courroie-ronde-22mm-x3\/#primaryimage"},"image":{"@id":"https:\/\/www.francksmodelworkshop.com\/produit\/courroie-ronde-22mm-x3\/#primaryimage"},"thumbnailUrl":"https:\/\/www.francksmodelworkshop.com\/wp-content\/uploads\/OR17.png","datePublished":"2023-10-19T13:28:36+00:00","dateModified":"2023-11-10T14:33:44+00:00","breadcrumb":{"@id":"https:\/\/www.francksmodelworkshop.com\/produit\/courroie-ronde-22mm-x3\/#breadcrumb"},"inLanguage":"en-GB","potentialAction":[{"@type":"ReadAction","target":["https:\/\/www.francksmodelworkshop.com\/produit\/courroie-ronde-22mm-x3\/"]}]},{"@type":"ImageObject","inLanguage":"en-GB","@id":"https:\/\/www.francksmodelworkshop.com\/produit\/courroie-ronde-22mm-x3\/#primaryimage","url":"https:\/\/www.francksmodelworkshop.com\/wp-content\/uploads\/OR17.png","contentUrl":"https:\/\/www.francksmodelworkshop.com\/wp-content\/uploads\/OR17.png","width":640,"height":480},{"@type":"BreadcrumbList","@id":"https:\/\/www.francksmodelworkshop.com\/produit\/courroie-ronde-22mm-x3\/#breadcrumb","itemListElement":[{"@type":"ListItem","position":1,"name":"Accueil","item":"https:\/\/www.francksmodelworkshop.com\/"},{"@type":"ListItem","position":2,"name":"Nos produits","item":"https:\/\/www.francksmodelworkshop.com\/nos-produits\/"},{"@type":"ListItem","position":3,"name":"Accessoires","item":"https:\/\/www.francksmodelworkshop.com\/categorie-produit\/accessoires\/"},{"@type":"ListItem","position":4,"name":"Courroie ronde 22mm (x3)"}]},{"@type":"WebSite","@id":"https:\/\/www.francksmodelworkshop.com\/#website","url":"https:\/\/www.francksmodelworkshop.com\/","name":"Franck&#039;s Model Workshop","description":"Premium Custom Narrow Gauge Models","publisher":{"@id":"https:\/\/www.francksmodelworkshop.com\/#organization"},"potentialAction":[{"@type":"SearchAction","target":{"@type":"EntryPoint","urlTemplate":"https:\/\/www.francksmodelworkshop.com\/?s={search_term_string}"},"query-input":{"@type":"PropertyValueSpecification","valueRequired":true,"valueName":"search_term_string"}}],"inLanguage":"en-GB"},{"@type":"Organization","@id":"https:\/\/www.francksmodelworkshop.com\/#organization","name":"Franck&#039;s Model Workshop","url":"https:\/\/www.francksmodelworkshop.com\/","logo":{"@type":"ImageObject","inLanguage":"en-GB","@id":"https:\/\/www.francksmodelworkshop.com\/#\/schema\/logo\/image\/","url":"https:\/\/www.francksmodelworkshop.com\/wp-content\/uploads\/logo-1.22.jpg","contentUrl":"https:\/\/www.francksmodelworkshop.com\/wp-content\/uploads\/logo-1.22.jpg","width":900,"height":831,"caption":"Franck&#039;s Model Workshop"},"image":{"@id":"https:\/\/www.francksmodelworkshop.com\/#\/schema\/logo\/image\/"},"sameAs":["https:\/\/www.facebook.com\/FrancksModelWorkshop\/"]}]}},"_links":{"self":[{"href":"https:\/\/www.francksmodelworkshop.com\/en\/wp-json\/wp\/v2\/product\/2247","targetHints":{"allow":["GET"]}}],"collection":[{"href":"https:\/\/www.francksmodelworkshop.com\/en\/wp-json\/wp\/v2\/product"}],"about":[{"href":"https:\/\/www.francksmodelworkshop.com\/en\/wp-json\/wp\/v2\/types\/product"}],"replies":[{"embeddable":true,"href":"https:\/\/www.francksmodelworkshop.com\/en\/wp-json\/wp\/v2\/comments?post=2247"}],"wp:featuredmedia":[{"embeddable":true,"href":"https:\/\/www.francksmodelworkshop.com\/en\/wp-json\/wp\/v2\/media\/2237"}],"wp:attachment":[{"href":"https:\/\/www.francksmodelworkshop.com\/en\/wp-json\/wp\/v2\/media?parent=2247"}],"wp:term":[{"taxonomy":"product_cat","embeddable":true,"href":"https:\/\/www.francksmodelworkshop.com\/en\/wp-json\/wp\/v2\/product_cat?post=2247"},{"taxonomy":"product_tag","embeddable":true,"href":"https:\/\/www.francksmodelworkshop.com\/en\/wp-json\/wp\/v2\/product_tag?post=2247"}],"curies":[{"name":"wp","href":"https:\/\/api.w.org\/{rel}","templated":true}]}}