{"id":2179,"date":"2023-10-17T18:41:01","date_gmt":"2023-10-17T16:41:01","guid":{"rendered":"https:\/\/www.francksmodelworkshop.com\/?post_type=product&#038;p=2179"},"modified":"2023-11-10T15:39:11","modified_gmt":"2023-11-10T14:39:11","slug":"engrenage","status":"publish","type":"product","link":"https:\/\/www.francksmodelworkshop.com\/en\/product\/engrenage\/","title":{"rendered":"Helical gear couple"},"content":{"rendered":"<div class=\"x11i5rnm xat24cr x1mh8g0r x1vvkbs xdj266r x126k92a\">\n<div dir=\"auto\">Couple of 45\u00b0 helical gears, module 0.3, ratio 1:1, 12 teeth, bore 2mm +\/-0.02mm, width 4mm, outside diameter 5.7mm, made of steel 1144 and phosphor bronze C5191 (CuSn6).<\/div>\n<\/div>\n<div dir=\"auto\"><\/div>\n<div class=\"x11i5rnm xat24cr x1mh8g0r x1vvkbs xtlvy1s x126k92a\">\n<div dir=\"auto\"><\/div>\n<\/div>\n<div class=\"x11i5rnm xat24cr x1mh8g0r x1vvkbs xtlvy1s x126k92a\">\n<div dir=\"auto\"><\/div>\n<\/div>","protected":false},"excerpt":{"rendered":"<p>This gear couple is ideal for a smoother, more progressive and less noisy primary transmission.<\/p>\n<p>Combined with our Faulhaber 1512U012S motor gearhead, you get a direct primary drive, without having to assemble a gearbox with its complex cascade of gears.<\/p>\n<p>With a ratio of 1:1 for the transmission and a reduction ratio of 112:1 for the geared motor, this gives a maximum scale speed of around 12 km\/h, with slow speeds and smooth running that are simply breathtaking!<\/p>","protected":false},"featured_media":2190,"comment_status":"closed","ping_status":"closed","template":"","meta":{"_acf_changed":false},"product_cat":[20,78],"product_tag":[],"class_list":{"0":"post-2179","1":"product","2":"type-product","3":"status-publish","4":"has-post-thumbnail","6":"product_cat-accessoires","7":"product_cat-motorisation","9":"first","10":"instock","11":"shipping-taxable","12":"purchasable","13":"product-type-simple"},"acf":[],"yoast_head":"<!-- This site is optimized with the Yoast SEO plugin v23.6 - https:\/\/yoast.com\/wordpress\/plugins\/seo\/ -->\n<title>Couple d&#039;engrenages h\u00e9lico\u00efdaux - Franck&#039;s Model Workshop<\/title>\n<meta name=\"robots\" content=\"index, follow, max-snippet:-1, max-image-preview:large, max-video-preview:-1\" \/>\n<link rel=\"canonical\" href=\"https:\/\/www.francksmodelworkshop.com\/en\/product\/engrenage\/\" \/>\n<meta property=\"og:locale\" content=\"en_GB\" \/>\n<meta property=\"og:type\" content=\"article\" \/>\n<meta property=\"og:title\" content=\"Couple d&#039;engrenages h\u00e9lico\u00efdaux - Franck&#039;s Model Workshop\" \/>\n<meta property=\"og:description\" content=\"Ce couple d&#039;engrenage est id\u00e9al pour une transmission primaire plus souple, plus progressive et moins bruyante.   Associ\u00e9 \u00e0 notre motor\u00e9ducteur Faulhaber 1512U012S, vous obtenez ainsi une transmission primaire directe, sans avoir \u00e0 assembler un r\u00e9ducteur avec sa cascade d&#039;engrenages complexe.   Avec un rapport de 1:1 pour la transmission et un rapport de r\u00e9duction de 112:1 pour le motor\u00e9ducteur, cela permet d&#039;avoir une vitesse maximale \u00e0 l&#039;\u00e9chelle d&#039;environ 12 km\/h avec des ralentis et une souplesse de fonctionnement \u00e0 couper le souffle !\" \/>\n<meta property=\"og:url\" content=\"https:\/\/www.francksmodelworkshop.com\/en\/product\/engrenage\/\" \/>\n<meta property=\"og:site_name\" content=\"Franck&#039;s Model Workshop\" \/>\n<meta property=\"article:publisher\" content=\"https:\/\/www.facebook.com\/FrancksModelWorkshop\/\" \/>\n<meta property=\"article:modified_time\" content=\"2023-11-10T14:39:11+00:00\" \/>\n<meta property=\"og:image\" content=\"https:\/\/i0.wp.com\/www.francksmodelworkshop.com\/wp-content\/uploads\/Engrenages-HGM0.3_BA-1.png?fit=640%2C550&ssl=1\" \/>\n\t<meta property=\"og:image:width\" content=\"640\" \/>\n\t<meta property=\"og:image:height\" content=\"550\" \/>\n\t<meta property=\"og:image:type\" content=\"image\/png\" \/>\n<meta name=\"twitter:card\" content=\"summary_large_image\" \/>\n<meta name=\"twitter:label1\" content=\"Estimated reading time\" \/>\n\t<meta name=\"twitter:data1\" content=\"1 minute\" \/>\n<script type=\"application\/ld+json\" class=\"yoast-schema-graph\">{\"@context\":\"https:\/\/schema.org\",\"@graph\":[{\"@type\":\"WebPage\",\"@id\":\"https:\/\/www.francksmodelworkshop.com\/produit\/engrenage\/\",\"url\":\"https:\/\/www.francksmodelworkshop.com\/produit\/engrenage\/\",\"name\":\"Couple d'engrenages h\u00e9lico\u00efdaux - Franck&#039;s Model Workshop\",\"isPartOf\":{\"@id\":\"https:\/\/www.francksmodelworkshop.com\/#website\"},\"primaryImageOfPage\":{\"@id\":\"https:\/\/www.francksmodelworkshop.com\/produit\/engrenage\/#primaryimage\"},\"image\":{\"@id\":\"https:\/\/www.francksmodelworkshop.com\/produit\/engrenage\/#primaryimage\"},\"thumbnailUrl\":\"https:\/\/www.francksmodelworkshop.com\/wp-content\/uploads\/Engrenages-HGM0.3_BA-1.png\",\"datePublished\":\"2023-10-17T16:41:01+00:00\",\"dateModified\":\"2023-11-10T14:39:11+00:00\",\"breadcrumb\":{\"@id\":\"https:\/\/www.francksmodelworkshop.com\/produit\/engrenage\/#breadcrumb\"},\"inLanguage\":\"en-GB\",\"potentialAction\":[{\"@type\":\"ReadAction\",\"target\":[\"https:\/\/www.francksmodelworkshop.com\/produit\/engrenage\/\"]}]},{\"@type\":\"ImageObject\",\"inLanguage\":\"en-GB\",\"@id\":\"https:\/\/www.francksmodelworkshop.com\/produit\/engrenage\/#primaryimage\",\"url\":\"https:\/\/www.francksmodelworkshop.com\/wp-content\/uploads\/Engrenages-HGM0.3_BA-1.png\",\"contentUrl\":\"https:\/\/www.francksmodelworkshop.com\/wp-content\/uploads\/Engrenages-HGM0.3_BA-1.png\",\"width\":640,\"height\":550},{\"@type\":\"BreadcrumbList\",\"@id\":\"https:\/\/www.francksmodelworkshop.com\/produit\/engrenage\/#breadcrumb\",\"itemListElement\":[{\"@type\":\"ListItem\",\"position\":1,\"name\":\"Accueil\",\"item\":\"https:\/\/www.francksmodelworkshop.com\/\"},{\"@type\":\"ListItem\",\"position\":2,\"name\":\"Nos produits\",\"item\":\"https:\/\/www.francksmodelworkshop.com\/nos-produits\/\"},{\"@type\":\"ListItem\",\"position\":3,\"name\":\"Accessoires\",\"item\":\"https:\/\/www.francksmodelworkshop.com\/categorie-produit\/accessoires\/\"},{\"@type\":\"ListItem\",\"position\":4,\"name\":\"Couple d&rsquo;engrenages h\u00e9lico\u00efdaux\"}]},{\"@type\":\"WebSite\",\"@id\":\"https:\/\/www.francksmodelworkshop.com\/#website\",\"url\":\"https:\/\/www.francksmodelworkshop.com\/\",\"name\":\"Franck&#039;s Model Workshop\",\"description\":\"Premium Custom Narrow Gauge Models\",\"publisher\":{\"@id\":\"https:\/\/www.francksmodelworkshop.com\/#organization\"},\"potentialAction\":[{\"@type\":\"SearchAction\",\"target\":{\"@type\":\"EntryPoint\",\"urlTemplate\":\"https:\/\/www.francksmodelworkshop.com\/?s={search_term_string}\"},\"query-input\":{\"@type\":\"PropertyValueSpecification\",\"valueRequired\":true,\"valueName\":\"search_term_string\"}}],\"inLanguage\":\"en-GB\"},{\"@type\":\"Organization\",\"@id\":\"https:\/\/www.francksmodelworkshop.com\/#organization\",\"name\":\"Franck&#039;s Model Workshop\",\"url\":\"https:\/\/www.francksmodelworkshop.com\/\",\"logo\":{\"@type\":\"ImageObject\",\"inLanguage\":\"en-GB\",\"@id\":\"https:\/\/www.francksmodelworkshop.com\/#\/schema\/logo\/image\/\",\"url\":\"https:\/\/www.francksmodelworkshop.com\/wp-content\/uploads\/logo-1.22.jpg\",\"contentUrl\":\"https:\/\/www.francksmodelworkshop.com\/wp-content\/uploads\/logo-1.22.jpg\",\"width\":900,\"height\":831,\"caption\":\"Franck&#039;s Model Workshop\"},\"image\":{\"@id\":\"https:\/\/www.francksmodelworkshop.com\/#\/schema\/logo\/image\/\"},\"sameAs\":[\"https:\/\/www.facebook.com\/FrancksModelWorkshop\/\"]}]}<\/script>\n<!-- \/ Yoast SEO plugin. -->","yoast_head_json":{"title":"Couple d'engrenages h\u00e9lico\u00efdaux - Franck&#039;s Model Workshop","robots":{"index":"index","follow":"follow","max-snippet":"max-snippet:-1","max-image-preview":"max-image-preview:large","max-video-preview":"max-video-preview:-1"},"canonical":"https:\/\/www.francksmodelworkshop.com\/en\/product\/engrenage\/","og_locale":"en_GB","og_type":"article","og_title":"Couple d'engrenages h\u00e9lico\u00efdaux - Franck&#039;s Model Workshop","og_description":"Ce couple d'engrenage est id\u00e9al pour une transmission primaire plus souple, plus progressive et moins bruyante.   Associ\u00e9 \u00e0 notre motor\u00e9ducteur Faulhaber 1512U012S, vous obtenez ainsi une transmission primaire directe, sans avoir \u00e0 assembler un r\u00e9ducteur avec sa cascade d'engrenages complexe.   Avec un rapport de 1:1 pour la transmission et un rapport de r\u00e9duction de 112:1 pour le motor\u00e9ducteur, cela permet d'avoir une vitesse maximale \u00e0 l'\u00e9chelle d'environ 12 km\/h avec des ralentis et une souplesse de fonctionnement \u00e0 couper le souffle !","og_url":"https:\/\/www.francksmodelworkshop.com\/en\/product\/engrenage\/","og_site_name":"Franck&#039;s Model Workshop","article_publisher":"https:\/\/www.facebook.com\/FrancksModelWorkshop\/","article_modified_time":"2023-11-10T14:39:11+00:00","og_image":[{"width":640,"height":550,"url":"https:\/\/i0.wp.com\/www.francksmodelworkshop.com\/wp-content\/uploads\/Engrenages-HGM0.3_BA-1.png?fit=640%2C550&ssl=1","type":"image\/png"}],"twitter_card":"summary_large_image","twitter_misc":{"Estimated reading time":"1 minute"},"schema":{"@context":"https:\/\/schema.org","@graph":[{"@type":"WebPage","@id":"https:\/\/www.francksmodelworkshop.com\/produit\/engrenage\/","url":"https:\/\/www.francksmodelworkshop.com\/produit\/engrenage\/","name":"Couple d'engrenages h\u00e9lico\u00efdaux - Franck&#039;s Model Workshop","isPartOf":{"@id":"https:\/\/www.francksmodelworkshop.com\/#website"},"primaryImageOfPage":{"@id":"https:\/\/www.francksmodelworkshop.com\/produit\/engrenage\/#primaryimage"},"image":{"@id":"https:\/\/www.francksmodelworkshop.com\/produit\/engrenage\/#primaryimage"},"thumbnailUrl":"https:\/\/www.francksmodelworkshop.com\/wp-content\/uploads\/Engrenages-HGM0.3_BA-1.png","datePublished":"2023-10-17T16:41:01+00:00","dateModified":"2023-11-10T14:39:11+00:00","breadcrumb":{"@id":"https:\/\/www.francksmodelworkshop.com\/produit\/engrenage\/#breadcrumb"},"inLanguage":"en-GB","potentialAction":[{"@type":"ReadAction","target":["https:\/\/www.francksmodelworkshop.com\/produit\/engrenage\/"]}]},{"@type":"ImageObject","inLanguage":"en-GB","@id":"https:\/\/www.francksmodelworkshop.com\/produit\/engrenage\/#primaryimage","url":"https:\/\/www.francksmodelworkshop.com\/wp-content\/uploads\/Engrenages-HGM0.3_BA-1.png","contentUrl":"https:\/\/www.francksmodelworkshop.com\/wp-content\/uploads\/Engrenages-HGM0.3_BA-1.png","width":640,"height":550},{"@type":"BreadcrumbList","@id":"https:\/\/www.francksmodelworkshop.com\/produit\/engrenage\/#breadcrumb","itemListElement":[{"@type":"ListItem","position":1,"name":"Accueil","item":"https:\/\/www.francksmodelworkshop.com\/"},{"@type":"ListItem","position":2,"name":"Nos produits","item":"https:\/\/www.francksmodelworkshop.com\/nos-produits\/"},{"@type":"ListItem","position":3,"name":"Accessoires","item":"https:\/\/www.francksmodelworkshop.com\/categorie-produit\/accessoires\/"},{"@type":"ListItem","position":4,"name":"Couple d&rsquo;engrenages h\u00e9lico\u00efdaux"}]},{"@type":"WebSite","@id":"https:\/\/www.francksmodelworkshop.com\/#website","url":"https:\/\/www.francksmodelworkshop.com\/","name":"Franck&#039;s Model Workshop","description":"Premium Custom Narrow Gauge Models","publisher":{"@id":"https:\/\/www.francksmodelworkshop.com\/#organization"},"potentialAction":[{"@type":"SearchAction","target":{"@type":"EntryPoint","urlTemplate":"https:\/\/www.francksmodelworkshop.com\/?s={search_term_string}"},"query-input":{"@type":"PropertyValueSpecification","valueRequired":true,"valueName":"search_term_string"}}],"inLanguage":"en-GB"},{"@type":"Organization","@id":"https:\/\/www.francksmodelworkshop.com\/#organization","name":"Franck&#039;s Model Workshop","url":"https:\/\/www.francksmodelworkshop.com\/","logo":{"@type":"ImageObject","inLanguage":"en-GB","@id":"https:\/\/www.francksmodelworkshop.com\/#\/schema\/logo\/image\/","url":"https:\/\/www.francksmodelworkshop.com\/wp-content\/uploads\/logo-1.22.jpg","contentUrl":"https:\/\/www.francksmodelworkshop.com\/wp-content\/uploads\/logo-1.22.jpg","width":900,"height":831,"caption":"Franck&#039;s Model Workshop"},"image":{"@id":"https:\/\/www.francksmodelworkshop.com\/#\/schema\/logo\/image\/"},"sameAs":["https:\/\/www.facebook.com\/FrancksModelWorkshop\/"]}]}},"_links":{"self":[{"href":"https:\/\/www.francksmodelworkshop.com\/en\/wp-json\/wp\/v2\/product\/2179","targetHints":{"allow":["GET"]}}],"collection":[{"href":"https:\/\/www.francksmodelworkshop.com\/en\/wp-json\/wp\/v2\/product"}],"about":[{"href":"https:\/\/www.francksmodelworkshop.com\/en\/wp-json\/wp\/v2\/types\/product"}],"replies":[{"embeddable":true,"href":"https:\/\/www.francksmodelworkshop.com\/en\/wp-json\/wp\/v2\/comments?post=2179"}],"wp:featuredmedia":[{"embeddable":true,"href":"https:\/\/www.francksmodelworkshop.com\/en\/wp-json\/wp\/v2\/media\/2190"}],"wp:attachment":[{"href":"https:\/\/www.francksmodelworkshop.com\/en\/wp-json\/wp\/v2\/media?parent=2179"}],"wp:term":[{"taxonomy":"product_cat","embeddable":true,"href":"https:\/\/www.francksmodelworkshop.com\/en\/wp-json\/wp\/v2\/product_cat?post=2179"},{"taxonomy":"product_tag","embeddable":true,"href":"https:\/\/www.francksmodelworkshop.com\/en\/wp-json\/wp\/v2\/product_tag?post=2179"}],"curies":[{"name":"wp","href":"https:\/\/api.w.org\/{rel}","templated":true}]}}