{"id":2176,"date":"2023-10-17T18:31:59","date_gmt":"2023-10-17T16:31:59","guid":{"rendered":"https:\/\/www.francksmodelworkshop.com\/?post_type=product&#038;p=2176"},"modified":"2023-11-10T15:39:57","modified_gmt":"2023-11-10T14:39:57","slug":"poulie-laiton","status":"publish","type":"product","link":"https:\/\/www.francksmodelworkshop.com\/en\/product\/poulie-laiton\/","title":{"rendered":"Brass pulley (x1)"},"content":{"rendered":"<div class=\"x11i5rnm xat24cr x1mh8g0r x1vvkbs xdj266r x126k92a\">\n<div dir=\"auto\">Brass pulley, 60\u00b0 V-groove, foot dia. 3mm, bore 2mm, width 2mm, dia. OD 5mm.<\/div>\n<\/div>\n<div dir=\"auto\"><\/div>\n<div dir=\"auto\">Perfect for our 1mm torus belts.<\/div>\n<div class=\"x11i5rnm xat24cr x1mh8g0r x1vvkbs xtlvy1s x126k92a\">\n<div dir=\"auto\"><\/div>\n<\/div>\n<div class=\"x11i5rnm xat24cr x1mh8g0r x1vvkbs xtlvy1s x126k92a\">\n<div dir=\"auto\"><\/div>\n<\/div>","protected":false},"excerpt":{"rendered":"<p>These pulleys will enable you to create the primary and secondary transmission for your models. This pulley\/belt system does not require precision to the hundredth or tenth of a millimetre. So when you need to create a secondary or primary transmission, it's much easier than a cascade of gears!<\/p>\n<p>For example, by using our 3mm foot pulleys you can achieve the following centre distances for your mechanical chassis:<\/p>\n<p>&nbsp;<\/p>\n<ul>\n<li>24.5mm centre distance = 17mm ID belt (ID: inside diameter)<\/li>\n<li>26mm centre distance = 18mm ID belt<\/li>\n<li>28.7mm centre distance = 19mm ID belt<\/li>\n<li>31mm centre distance = 21mm ID belt<\/li>\n<li>35mm centre distance = 23mm ID belt<\/li>\n<\/ul>\n<p>Don't hesitate to ask us about other centre distances, as we also have a wide range of belt diameters.<\/p>","protected":false},"featured_media":2209,"comment_status":"closed","ping_status":"closed","template":"","meta":{"_acf_changed":false},"product_cat":[20,78],"product_tag":[],"class_list":{"0":"post-2176","1":"product","2":"type-product","3":"status-publish","4":"has-post-thumbnail","6":"product_cat-accessoires","7":"product_cat-motorisation","9":"first","10":"instock","11":"shipping-taxable","12":"purchasable","13":"product-type-simple"},"acf":[],"yoast_head":"<!-- This site is optimized with the Yoast SEO plugin v23.6 - https:\/\/yoast.com\/wordpress\/plugins\/seo\/ -->\n<title>Poulie laiton (x1) - Franck&#039;s Model Workshop<\/title>\n<meta name=\"robots\" content=\"index, follow, max-snippet:-1, max-image-preview:large, max-video-preview:-1\" \/>\n<link rel=\"canonical\" href=\"https:\/\/www.francksmodelworkshop.com\/en\/product\/poulie-laiton\/\" \/>\n<meta property=\"og:locale\" content=\"en_GB\" \/>\n<meta property=\"og:type\" content=\"article\" \/>\n<meta property=\"og:title\" content=\"Poulie laiton (x1) - Franck&#039;s Model Workshop\" \/>\n<meta property=\"og:description\" content=\"Ces poulies vous permettront de r\u00e9aliser la transmission primaire et secondaire de vos mod\u00e8les. Ce syst\u00e8me de poulie \/ courroie ne demande pas une pr\u00e9cision au centi\u00e8me ou dixi\u00e8me de millim\u00e8tre. Ainsi pour r\u00e9aliser une transmission secondaire ou primaire, la mise en \u0153uvre devient bien plus facile qu&#039;une cascade d&#039;engrenages !   Par exemple, en utilisant nos poulies de 3mm de pied vous pourrez r\u00e9aliser les entraxes suivants pour vos ch\u00e2ssis m\u00e9caniques :  &nbsp;   Entraxe de 24.5mm = courroie ID 17mm (ID : diam\u00e8tre int\u00e9rieur)  Entraxe de 26mm = courroie ID 18mm  Entraxe de 28.7mm = courroie ID 19mm  Entraxe de 31mm = courroie ID 21mm  Entraxe de 35mm = courroie ID 23mm  N\u2019h\u00e9sitez pas \u00e0 nous interroger pour d&#039;autres entraxes, nous poss\u00e9dons \u00e9galement un grand nombre de diam\u00e8tre de courroie.\" \/>\n<meta property=\"og:url\" content=\"https:\/\/www.francksmodelworkshop.com\/en\/product\/poulie-laiton\/\" \/>\n<meta property=\"og:site_name\" content=\"Franck&#039;s Model Workshop\" \/>\n<meta property=\"article:publisher\" content=\"https:\/\/www.facebook.com\/FrancksModelWorkshop\/\" \/>\n<meta property=\"article:modified_time\" content=\"2023-11-10T14:39:57+00:00\" \/>\n<meta property=\"og:image\" content=\"https:\/\/i0.wp.com\/www.francksmodelworkshop.com\/wp-content\/uploads\/Poulie-3BRP001-2.png?fit=640%2C503&ssl=1\" \/>\n\t<meta property=\"og:image:width\" content=\"640\" \/>\n\t<meta property=\"og:image:height\" content=\"503\" \/>\n\t<meta property=\"og:image:type\" content=\"image\/png\" \/>\n<meta name=\"twitter:card\" content=\"summary_large_image\" \/>\n<meta name=\"twitter:label1\" content=\"Estimated reading time\" \/>\n\t<meta name=\"twitter:data1\" content=\"1 minute\" \/>\n<script type=\"application\/ld+json\" class=\"yoast-schema-graph\">{\"@context\":\"https:\/\/schema.org\",\"@graph\":[{\"@type\":\"WebPage\",\"@id\":\"https:\/\/www.francksmodelworkshop.com\/produit\/poulie-laiton\/\",\"url\":\"https:\/\/www.francksmodelworkshop.com\/produit\/poulie-laiton\/\",\"name\":\"Poulie laiton (x1) - Franck&#039;s Model Workshop\",\"isPartOf\":{\"@id\":\"https:\/\/www.francksmodelworkshop.com\/#website\"},\"primaryImageOfPage\":{\"@id\":\"https:\/\/www.francksmodelworkshop.com\/produit\/poulie-laiton\/#primaryimage\"},\"image\":{\"@id\":\"https:\/\/www.francksmodelworkshop.com\/produit\/poulie-laiton\/#primaryimage\"},\"thumbnailUrl\":\"https:\/\/www.francksmodelworkshop.com\/wp-content\/uploads\/Poulie-3BRP001-2.png\",\"datePublished\":\"2023-10-17T16:31:59+00:00\",\"dateModified\":\"2023-11-10T14:39:57+00:00\",\"breadcrumb\":{\"@id\":\"https:\/\/www.francksmodelworkshop.com\/produit\/poulie-laiton\/#breadcrumb\"},\"inLanguage\":\"en-GB\",\"potentialAction\":[{\"@type\":\"ReadAction\",\"target\":[\"https:\/\/www.francksmodelworkshop.com\/produit\/poulie-laiton\/\"]}]},{\"@type\":\"ImageObject\",\"inLanguage\":\"en-GB\",\"@id\":\"https:\/\/www.francksmodelworkshop.com\/produit\/poulie-laiton\/#primaryimage\",\"url\":\"https:\/\/www.francksmodelworkshop.com\/wp-content\/uploads\/Poulie-3BRP001-2.png\",\"contentUrl\":\"https:\/\/www.francksmodelworkshop.com\/wp-content\/uploads\/Poulie-3BRP001-2.png\",\"width\":640,\"height\":503},{\"@type\":\"BreadcrumbList\",\"@id\":\"https:\/\/www.francksmodelworkshop.com\/produit\/poulie-laiton\/#breadcrumb\",\"itemListElement\":[{\"@type\":\"ListItem\",\"position\":1,\"name\":\"Accueil\",\"item\":\"https:\/\/www.francksmodelworkshop.com\/\"},{\"@type\":\"ListItem\",\"position\":2,\"name\":\"Nos produits\",\"item\":\"https:\/\/www.francksmodelworkshop.com\/nos-produits\/\"},{\"@type\":\"ListItem\",\"position\":3,\"name\":\"Accessoires\",\"item\":\"https:\/\/www.francksmodelworkshop.com\/categorie-produit\/accessoires\/\"},{\"@type\":\"ListItem\",\"position\":4,\"name\":\"Poulie laiton (x1)\"}]},{\"@type\":\"WebSite\",\"@id\":\"https:\/\/www.francksmodelworkshop.com\/#website\",\"url\":\"https:\/\/www.francksmodelworkshop.com\/\",\"name\":\"Franck&#039;s Model Workshop\",\"description\":\"Premium Custom Narrow Gauge Models\",\"publisher\":{\"@id\":\"https:\/\/www.francksmodelworkshop.com\/#organization\"},\"potentialAction\":[{\"@type\":\"SearchAction\",\"target\":{\"@type\":\"EntryPoint\",\"urlTemplate\":\"https:\/\/www.francksmodelworkshop.com\/?s={search_term_string}\"},\"query-input\":{\"@type\":\"PropertyValueSpecification\",\"valueRequired\":true,\"valueName\":\"search_term_string\"}}],\"inLanguage\":\"en-GB\"},{\"@type\":\"Organization\",\"@id\":\"https:\/\/www.francksmodelworkshop.com\/#organization\",\"name\":\"Franck&#039;s Model Workshop\",\"url\":\"https:\/\/www.francksmodelworkshop.com\/\",\"logo\":{\"@type\":\"ImageObject\",\"inLanguage\":\"en-GB\",\"@id\":\"https:\/\/www.francksmodelworkshop.com\/#\/schema\/logo\/image\/\",\"url\":\"https:\/\/www.francksmodelworkshop.com\/wp-content\/uploads\/logo-1.22.jpg\",\"contentUrl\":\"https:\/\/www.francksmodelworkshop.com\/wp-content\/uploads\/logo-1.22.jpg\",\"width\":900,\"height\":831,\"caption\":\"Franck&#039;s Model Workshop\"},\"image\":{\"@id\":\"https:\/\/www.francksmodelworkshop.com\/#\/schema\/logo\/image\/\"},\"sameAs\":[\"https:\/\/www.facebook.com\/FrancksModelWorkshop\/\"]}]}<\/script>\n<!-- \/ Yoast SEO plugin. -->","yoast_head_json":{"title":"Poulie laiton (x1) - Franck&#039;s Model Workshop","robots":{"index":"index","follow":"follow","max-snippet":"max-snippet:-1","max-image-preview":"max-image-preview:large","max-video-preview":"max-video-preview:-1"},"canonical":"https:\/\/www.francksmodelworkshop.com\/en\/product\/poulie-laiton\/","og_locale":"en_GB","og_type":"article","og_title":"Poulie laiton (x1) - Franck&#039;s Model Workshop","og_description":"Ces poulies vous permettront de r\u00e9aliser la transmission primaire et secondaire de vos mod\u00e8les. Ce syst\u00e8me de poulie \/ courroie ne demande pas une pr\u00e9cision au centi\u00e8me ou dixi\u00e8me de millim\u00e8tre. Ainsi pour r\u00e9aliser une transmission secondaire ou primaire, la mise en \u0153uvre devient bien plus facile qu'une cascade d'engrenages !   Par exemple, en utilisant nos poulies de 3mm de pied vous pourrez r\u00e9aliser les entraxes suivants pour vos ch\u00e2ssis m\u00e9caniques :  &nbsp;   Entraxe de 24.5mm = courroie ID 17mm (ID : diam\u00e8tre int\u00e9rieur)  Entraxe de 26mm = courroie ID 18mm  Entraxe de 28.7mm = courroie ID 19mm  Entraxe de 31mm = courroie ID 21mm  Entraxe de 35mm = courroie ID 23mm  N\u2019h\u00e9sitez pas \u00e0 nous interroger pour d'autres entraxes, nous poss\u00e9dons \u00e9galement un grand nombre de diam\u00e8tre de courroie.","og_url":"https:\/\/www.francksmodelworkshop.com\/en\/product\/poulie-laiton\/","og_site_name":"Franck&#039;s Model Workshop","article_publisher":"https:\/\/www.facebook.com\/FrancksModelWorkshop\/","article_modified_time":"2023-11-10T14:39:57+00:00","og_image":[{"width":640,"height":503,"url":"https:\/\/i0.wp.com\/www.francksmodelworkshop.com\/wp-content\/uploads\/Poulie-3BRP001-2.png?fit=640%2C503&ssl=1","type":"image\/png"}],"twitter_card":"summary_large_image","twitter_misc":{"Estimated reading time":"1 minute"},"schema":{"@context":"https:\/\/schema.org","@graph":[{"@type":"WebPage","@id":"https:\/\/www.francksmodelworkshop.com\/produit\/poulie-laiton\/","url":"https:\/\/www.francksmodelworkshop.com\/produit\/poulie-laiton\/","name":"Poulie laiton (x1) - Franck&#039;s Model Workshop","isPartOf":{"@id":"https:\/\/www.francksmodelworkshop.com\/#website"},"primaryImageOfPage":{"@id":"https:\/\/www.francksmodelworkshop.com\/produit\/poulie-laiton\/#primaryimage"},"image":{"@id":"https:\/\/www.francksmodelworkshop.com\/produit\/poulie-laiton\/#primaryimage"},"thumbnailUrl":"https:\/\/www.francksmodelworkshop.com\/wp-content\/uploads\/Poulie-3BRP001-2.png","datePublished":"2023-10-17T16:31:59+00:00","dateModified":"2023-11-10T14:39:57+00:00","breadcrumb":{"@id":"https:\/\/www.francksmodelworkshop.com\/produit\/poulie-laiton\/#breadcrumb"},"inLanguage":"en-GB","potentialAction":[{"@type":"ReadAction","target":["https:\/\/www.francksmodelworkshop.com\/produit\/poulie-laiton\/"]}]},{"@type":"ImageObject","inLanguage":"en-GB","@id":"https:\/\/www.francksmodelworkshop.com\/produit\/poulie-laiton\/#primaryimage","url":"https:\/\/www.francksmodelworkshop.com\/wp-content\/uploads\/Poulie-3BRP001-2.png","contentUrl":"https:\/\/www.francksmodelworkshop.com\/wp-content\/uploads\/Poulie-3BRP001-2.png","width":640,"height":503},{"@type":"BreadcrumbList","@id":"https:\/\/www.francksmodelworkshop.com\/produit\/poulie-laiton\/#breadcrumb","itemListElement":[{"@type":"ListItem","position":1,"name":"Accueil","item":"https:\/\/www.francksmodelworkshop.com\/"},{"@type":"ListItem","position":2,"name":"Nos produits","item":"https:\/\/www.francksmodelworkshop.com\/nos-produits\/"},{"@type":"ListItem","position":3,"name":"Accessoires","item":"https:\/\/www.francksmodelworkshop.com\/categorie-produit\/accessoires\/"},{"@type":"ListItem","position":4,"name":"Poulie laiton (x1)"}]},{"@type":"WebSite","@id":"https:\/\/www.francksmodelworkshop.com\/#website","url":"https:\/\/www.francksmodelworkshop.com\/","name":"Franck&#039;s Model Workshop","description":"Premium Custom Narrow Gauge Models","publisher":{"@id":"https:\/\/www.francksmodelworkshop.com\/#organization"},"potentialAction":[{"@type":"SearchAction","target":{"@type":"EntryPoint","urlTemplate":"https:\/\/www.francksmodelworkshop.com\/?s={search_term_string}"},"query-input":{"@type":"PropertyValueSpecification","valueRequired":true,"valueName":"search_term_string"}}],"inLanguage":"en-GB"},{"@type":"Organization","@id":"https:\/\/www.francksmodelworkshop.com\/#organization","name":"Franck&#039;s Model Workshop","url":"https:\/\/www.francksmodelworkshop.com\/","logo":{"@type":"ImageObject","inLanguage":"en-GB","@id":"https:\/\/www.francksmodelworkshop.com\/#\/schema\/logo\/image\/","url":"https:\/\/www.francksmodelworkshop.com\/wp-content\/uploads\/logo-1.22.jpg","contentUrl":"https:\/\/www.francksmodelworkshop.com\/wp-content\/uploads\/logo-1.22.jpg","width":900,"height":831,"caption":"Franck&#039;s Model Workshop"},"image":{"@id":"https:\/\/www.francksmodelworkshop.com\/#\/schema\/logo\/image\/"},"sameAs":["https:\/\/www.facebook.com\/FrancksModelWorkshop\/"]}]}},"_links":{"self":[{"href":"https:\/\/www.francksmodelworkshop.com\/en\/wp-json\/wp\/v2\/product\/2176","targetHints":{"allow":["GET"]}}],"collection":[{"href":"https:\/\/www.francksmodelworkshop.com\/en\/wp-json\/wp\/v2\/product"}],"about":[{"href":"https:\/\/www.francksmodelworkshop.com\/en\/wp-json\/wp\/v2\/types\/product"}],"replies":[{"embeddable":true,"href":"https:\/\/www.francksmodelworkshop.com\/en\/wp-json\/wp\/v2\/comments?post=2176"}],"wp:featuredmedia":[{"embeddable":true,"href":"https:\/\/www.francksmodelworkshop.com\/en\/wp-json\/wp\/v2\/media\/2209"}],"wp:attachment":[{"href":"https:\/\/www.francksmodelworkshop.com\/en\/wp-json\/wp\/v2\/media?parent=2176"}],"wp:term":[{"taxonomy":"product_cat","embeddable":true,"href":"https:\/\/www.francksmodelworkshop.com\/en\/wp-json\/wp\/v2\/product_cat?post=2176"},{"taxonomy":"product_tag","embeddable":true,"href":"https:\/\/www.francksmodelworkshop.com\/en\/wp-json\/wp\/v2\/product_tag?post=2176"}],"curies":[{"name":"wp","href":"https:\/\/api.w.org\/{rel}","templated":true}]}}