{"id":191,"date":"2021-11-22T12:19:07","date_gmt":"2021-11-22T11:19:07","guid":{"rendered":"http:\/\/www.francksmodelworkshop.com\/?page_id=191"},"modified":"2023-11-09T18:49:06","modified_gmt":"2023-11-09T17:49:06","slug":"blog-francks-model-workshop","status":"publish","type":"page","link":"https:\/\/www.francksmodelworkshop.com\/en\/blog-francks-model-workshop\/","title":{"rendered":"Blog"},"content":{"rendered":"<div data-elementor-type=\"wp-page\" data-elementor-id=\"191\" class=\"elementor elementor-191\" data-elementor-post-type=\"page\">\n\t\t\t\t<div class=\"elementor-element elementor-element-5b092a8c e-flex e-con-boxed e-con e-parent\" data-id=\"5b092a8c\" data-element_type=\"container\" data-settings=\"{&quot;background_background&quot;:&quot;classic&quot;}\">\n\t\t\t\t\t<div class=\"e-con-inner\">\n\t\t<div class=\"elementor-element elementor-element-74c37c1a e-flex e-con-boxed e-con e-child\" data-id=\"74c37c1a\" data-element_type=\"container\">\n\t\t\t\t\t<div class=\"e-con-inner\">\n\t\t\t\t\t<\/div>\n\t\t\t\t<\/div>\n\t\t<div class=\"elementor-element elementor-element-71de4a51 e-flex e-con-boxed e-con e-child\" data-id=\"71de4a51\" data-element_type=\"container\">\n\t\t\t\t\t<div class=\"e-con-inner\">\n\t\t\t\t<div class=\"elementor-element elementor-element-4fe4b8ad elementor-widget elementor-widget-breadcrumbs\" data-id=\"4fe4b8ad\" data-element_type=\"widget\" data-widget_type=\"breadcrumbs.default\">\n\t\t\t\t<div class=\"elementor-widget-container\">\n\t\t\t<p id=\"breadcrumbs\"><span><span><a href=\"https:\/\/www.francksmodelworkshop.com\/en\/\">Home<\/a><\/span><\/span><\/p>\t\t<\/div>\n\t\t\t\t<\/div>\n\t\t\t\t\t<\/div>\n\t\t\t\t<\/div>\n\t\t\t\t\t<\/div>\n\t\t\t\t<\/div>\n\t\t<div class=\"elementor-element elementor-element-1427660d e-flex e-con-boxed e-con e-parent\" data-id=\"1427660d\" data-element_type=\"container\">\n\t\t\t\t\t<div class=\"e-con-inner\">\n\t\t\t\t<div class=\"elementor-element elementor-element-244c7c34 elementor-posts--align-left elementor-grid-tablet-3 elementor-grid-3 elementor-grid-mobile-1 elementor-posts--thumbnail-top elementor-widget elementor-widget-posts\" data-id=\"244c7c34\" data-element_type=\"widget\" data-settings=\"{&quot;classic_row_gap&quot;:{&quot;unit&quot;:&quot;px&quot;,&quot;size&quot;:30,&quot;sizes&quot;:[]},&quot;classic_columns_tablet&quot;:&quot;3&quot;,&quot;pagination_type&quot;:&quot;numbers&quot;,&quot;classic_columns&quot;:&quot;3&quot;,&quot;classic_columns_mobile&quot;:&quot;1&quot;,&quot;classic_row_gap_tablet&quot;:{&quot;unit&quot;:&quot;px&quot;,&quot;size&quot;:&quot;&quot;,&quot;sizes&quot;:[]},&quot;classic_row_gap_mobile&quot;:{&quot;unit&quot;:&quot;px&quot;,&quot;size&quot;:&quot;&quot;,&quot;sizes&quot;:[]}}\" data-widget_type=\"posts.classic\">\n\t\t\t\t<div class=\"elementor-widget-container\">\n\t\t\t\t\t<div class=\"elementor-posts-container elementor-posts elementor-posts--skin-classic elementor-grid\">\n\t\t\t\t<article class=\"elementor-post elementor-grid-item post-3059 post type-post status-publish format-standard has-post-thumbnail hentry category-non-classe\">\n\t\t\t\t<a class=\"elementor-post__thumbnail__link\" href=\"https:\/\/www.francksmodelworkshop.com\/en\/motoreducteur-faulhaber-1512-pour-votre-decauville\/\" tabindex=\"-1\" target=\"&quot;_blank&quot;\">\n\t\t\t<div class=\"elementor-post__thumbnail\"><img fetchpriority=\"high\" decoding=\"async\" width=\"903\" height=\"1000\" src=\"https:\/\/www.francksmodelworkshop.com\/wp-content\/uploads\/Decauville-Type-1_MHM.webp\" class=\"attachment-full size-full wp-image-3062\" alt=\"\" srcset=\"https:\/\/www.francksmodelworkshop.com\/wp-content\/uploads\/Decauville-Type-1_MHM.webp 903w, https:\/\/www.francksmodelworkshop.com\/wp-content\/uploads\/Decauville-Type-1_MHM-271x300.webp 271w, https:\/\/www.francksmodelworkshop.com\/wp-content\/uploads\/Decauville-Type-1_MHM-768x850.webp 768w, https:\/\/www.francksmodelworkshop.com\/wp-content\/uploads\/Decauville-Type-1_MHM-11x12.webp 11w, https:\/\/www.francksmodelworkshop.com\/wp-content\/uploads\/Decauville-Type-1_MHM-600x664.webp 600w\" sizes=\"(max-width: 903px) 100vw, 903px\" \/><\/div>\n\t\t<\/a>\n\t\t\t\t<div class=\"elementor-post__text\">\n\t\t\t\t<h3 class=\"elementor-post__title\">\n\t\t\t<a href=\"https:\/\/www.francksmodelworkshop.com\/en\/motoreducteur-faulhaber-1512-pour-votre-decauville\/\" target=\"&quot;_blank&quot;\">\n\t\t\t\tFaulhaber 1512 geared motor for your Decauville!\t\t\t<\/a>\n\t\t<\/h3>\n\t\t\t\t<div class=\"elementor-post__meta-data\">\n\t\t\t\t\t<span class=\"elementor-post-date\">\n\t\t\t3 November 2024\t\t<\/span>\n\t\t\t\t<\/div>\n\t\t\t\t\t<div class=\"elementor-post__read-more-wrapper\">\n\t\t\n\t\t<a class=\"elementor-post__read-more\" href=\"https:\/\/www.francksmodelworkshop.com\/en\/motoreducteur-faulhaber-1512-pour-votre-decauville\/\" aria-label=\"Read more about Motor\u00e9ducteur Faulhaber 1512 pour votre Decauville !\" tabindex=\"-1\" target=\"_blank\">\n\t\t\tRead more\t\t<\/a>\n\n\t\t\t\t\t<\/div>\n\t\t\t\t<\/div>\n\t\t\t\t<\/article>\n\t\t\t\t<article class=\"elementor-post elementor-grid-item post-3054 post type-post status-publish format-standard hentry category-non-classe\">\n\t\t\t\t<div class=\"elementor-post__text\">\n\t\t\t\t<h3 class=\"elementor-post__title\">\n\t\t\t<a href=\"https:\/\/www.francksmodelworkshop.com\/en\/whats-up-doc\/\" target=\"&quot;_blank&quot;\">\n\t\t\t\tWhat&rsquo;s up Doc?\t\t\t<\/a>\n\t\t<\/h3>\n\t\t\t\t<div class=\"elementor-post__meta-data\">\n\t\t\t\t\t<span class=\"elementor-post-date\">\n\t\t\t1 September 2024\t\t<\/span>\n\t\t\t\t<\/div>\n\t\t\t\t\t<div class=\"elementor-post__read-more-wrapper\">\n\t\t\n\t\t<a class=\"elementor-post__read-more\" href=\"https:\/\/www.francksmodelworkshop.com\/en\/whats-up-doc\/\" aria-label=\"Read more about What&rsquo;s up Doc?\" tabindex=\"-1\" target=\"_blank\">\n\t\t\tRead more\t\t<\/a>\n\n\t\t\t\t\t<\/div>\n\t\t\t\t<\/div>\n\t\t\t\t<\/article>\n\t\t\t\t<article class=\"elementor-post elementor-grid-item post-3047 post type-post status-publish format-standard has-post-thumbnail hentry category-non-classe\">\n\t\t\t\t<a class=\"elementor-post__thumbnail__link\" href=\"https:\/\/www.francksmodelworkshop.com\/en\/essai-de-ladaptateur-dcc-avec-stockage-denergie\/\" tabindex=\"-1\" target=\"&quot;_blank&quot;\">\n\t\t\t<div class=\"elementor-post__thumbnail\"><img decoding=\"async\" width=\"640\" height=\"480\" src=\"https:\/\/www.francksmodelworkshop.com\/wp-content\/uploads\/ADCCP16_09.png\" class=\"attachment-full size-full wp-image-3048\" alt=\"\" srcset=\"https:\/\/www.francksmodelworkshop.com\/wp-content\/uploads\/ADCCP16_09.png 640w, https:\/\/www.francksmodelworkshop.com\/wp-content\/uploads\/ADCCP16_09-300x225.png 300w, https:\/\/www.francksmodelworkshop.com\/wp-content\/uploads\/ADCCP16_09-16x12.png 16w, https:\/\/www.francksmodelworkshop.com\/wp-content\/uploads\/ADCCP16_09-600x450.png 600w\" sizes=\"(max-width: 640px) 100vw, 640px\" \/><\/div>\n\t\t<\/a>\n\t\t\t\t<div class=\"elementor-post__text\">\n\t\t\t\t<h3 class=\"elementor-post__title\">\n\t\t\t<a href=\"https:\/\/www.francksmodelworkshop.com\/en\/essai-de-ladaptateur-dcc-avec-stockage-denergie\/\" target=\"&quot;_blank&quot;\">\n\t\t\t\tTest of the DCC adapter with energy storage\t\t\t<\/a>\n\t\t<\/h3>\n\t\t\t\t<div class=\"elementor-post__meta-data\">\n\t\t\t\t\t<span class=\"elementor-post-date\">\n\t\t\t8 February 2024\t\t<\/span>\n\t\t\t\t<\/div>\n\t\t\t\t\t<div class=\"elementor-post__read-more-wrapper\">\n\t\t\n\t\t<a class=\"elementor-post__read-more\" href=\"https:\/\/www.francksmodelworkshop.com\/en\/essai-de-ladaptateur-dcc-avec-stockage-denergie\/\" aria-label=\"Read more about Essai de l&rsquo;adaptateur DCC avec stockage d&rsquo;\u00e9nergie\" tabindex=\"-1\" target=\"_blank\">\n\t\t\tRead more\t\t<\/a>\n\n\t\t\t\t\t<\/div>\n\t\t\t\t<\/div>\n\t\t\t\t<\/article>\n\t\t\t\t<article class=\"elementor-post elementor-grid-item post-3027 post type-post status-publish format-standard has-post-thumbnail hentry category-non-classe\">\n\t\t\t\t<a class=\"elementor-post__thumbnail__link\" href=\"https:\/\/www.francksmodelworkshop.com\/en\/reception-du-prototype-de-ladaptateur-dcc-en-connecteur-plux16\/\" tabindex=\"-1\" target=\"&quot;_blank&quot;\">\n\t\t\t<div class=\"elementor-post__thumbnail\"><img decoding=\"async\" width=\"640\" height=\"480\" src=\"https:\/\/www.francksmodelworkshop.com\/wp-content\/uploads\/ADCCP16_01.png\" class=\"attachment-full size-full wp-image-3028\" alt=\"\" srcset=\"https:\/\/www.francksmodelworkshop.com\/wp-content\/uploads\/ADCCP16_01.png 640w, https:\/\/www.francksmodelworkshop.com\/wp-content\/uploads\/ADCCP16_01-300x225.png 300w, https:\/\/www.francksmodelworkshop.com\/wp-content\/uploads\/ADCCP16_01-16x12.png 16w, https:\/\/www.francksmodelworkshop.com\/wp-content\/uploads\/ADCCP16_01-600x450.png 600w\" sizes=\"(max-width: 640px) 100vw, 640px\" \/><\/div>\n\t\t<\/a>\n\t\t\t\t<div class=\"elementor-post__text\">\n\t\t\t\t<h3 class=\"elementor-post__title\">\n\t\t\t<a href=\"https:\/\/www.francksmodelworkshop.com\/en\/reception-du-prototype-de-ladaptateur-dcc-en-connecteur-plux16\/\" target=\"&quot;_blank&quot;\">\n\t\t\t\tReceipt of the prototype DCC adapter with Plux16 connector!\t\t\t<\/a>\n\t\t<\/h3>\n\t\t\t\t<div class=\"elementor-post__meta-data\">\n\t\t\t\t\t<span class=\"elementor-post-date\">\n\t\t\t1 February 2024\t\t<\/span>\n\t\t\t\t<\/div>\n\t\t\t\t\t<div class=\"elementor-post__read-more-wrapper\">\n\t\t\n\t\t<a class=\"elementor-post__read-more\" href=\"https:\/\/www.francksmodelworkshop.com\/en\/reception-du-prototype-de-ladaptateur-dcc-en-connecteur-plux16\/\" aria-label=\"Read more about R\u00e9ception du prototype de l&rsquo;adaptateur DCC en connecteur Plux16 !\" tabindex=\"-1\" target=\"_blank\">\n\t\t\tRead more\t\t<\/a>\n\n\t\t\t\t\t<\/div>\n\t\t\t\t<\/div>\n\t\t\t\t<\/article>\n\t\t\t\t<article class=\"elementor-post elementor-grid-item post-3017 post type-post status-publish format-standard has-post-thumbnail hentry category-non-classe\">\n\t\t\t\t<a class=\"elementor-post__thumbnail__link\" href=\"https:\/\/www.francksmodelworkshop.com\/en\/amelioration-et-facilite-de-montage-du-motoreducteur-1512\/\" tabindex=\"-1\" target=\"&quot;_blank&quot;\">\n\t\t\t<div class=\"elementor-post__thumbnail\"><img loading=\"lazy\" decoding=\"async\" width=\"640\" height=\"480\" src=\"https:\/\/www.francksmodelworkshop.com\/wp-content\/uploads\/BMGH01_5.png\" class=\"attachment-full size-full wp-image-3018\" alt=\"\" srcset=\"https:\/\/www.francksmodelworkshop.com\/wp-content\/uploads\/BMGH01_5.png 640w, https:\/\/www.francksmodelworkshop.com\/wp-content\/uploads\/BMGH01_5-300x225.png 300w, https:\/\/www.francksmodelworkshop.com\/wp-content\/uploads\/BMGH01_5-16x12.png 16w, https:\/\/www.francksmodelworkshop.com\/wp-content\/uploads\/BMGH01_5-600x450.png 600w\" sizes=\"(max-width: 640px) 100vw, 640px\" \/><\/div>\n\t\t<\/a>\n\t\t\t\t<div class=\"elementor-post__text\">\n\t\t\t\t<h3 class=\"elementor-post__title\">\n\t\t\t<a href=\"https:\/\/www.francksmodelworkshop.com\/en\/amelioration-et-facilite-de-montage-du-motoreducteur-1512\/\" target=\"&quot;_blank&quot;\">\n\t\t\t\tThe 1512 motor gearhead has been improved and is easier to fit!\t\t\t<\/a>\n\t\t<\/h3>\n\t\t\t\t<div class=\"elementor-post__meta-data\">\n\t\t\t\t\t<span class=\"elementor-post-date\">\n\t\t\t28 January 2024\t\t<\/span>\n\t\t\t\t<\/div>\n\t\t\t\t\t<div class=\"elementor-post__read-more-wrapper\">\n\t\t\n\t\t<a class=\"elementor-post__read-more\" href=\"https:\/\/www.francksmodelworkshop.com\/en\/amelioration-et-facilite-de-montage-du-motoreducteur-1512\/\" aria-label=\"Read more about Am\u00e9lioration et facilit\u00e9 de montage du motor\u00e9ducteur 1512 !\" tabindex=\"-1\" target=\"_blank\">\n\t\t\tRead more\t\t<\/a>\n\n\t\t\t\t\t<\/div>\n\t\t\t\t<\/div>\n\t\t\t\t<\/article>\n\t\t\t\t<article class=\"elementor-post elementor-grid-item post-3008 post type-post status-publish format-standard has-post-thumbnail hentry category-non-classe\">\n\t\t\t\t<a class=\"elementor-post__thumbnail__link\" href=\"https:\/\/www.francksmodelworkshop.com\/en\/les-bushings-allonge-inox-pour-le-motoreducteur-1512-sont-arrives\/\" tabindex=\"-1\" target=\"&quot;_blank&quot;\">\n\t\t\t<div class=\"elementor-post__thumbnail\"><img loading=\"lazy\" decoding=\"async\" width=\"640\" height=\"480\" src=\"https:\/\/www.francksmodelworkshop.com\/wp-content\/uploads\/BMGH01_1.png\" class=\"attachment-full size-full wp-image-3009\" alt=\"\" srcset=\"https:\/\/www.francksmodelworkshop.com\/wp-content\/uploads\/BMGH01_1.png 640w, https:\/\/www.francksmodelworkshop.com\/wp-content\/uploads\/BMGH01_1-300x225.png 300w, https:\/\/www.francksmodelworkshop.com\/wp-content\/uploads\/BMGH01_1-16x12.png 16w, https:\/\/www.francksmodelworkshop.com\/wp-content\/uploads\/BMGH01_1-600x450.png 600w\" sizes=\"(max-width: 640px) 100vw, 640px\" \/><\/div>\n\t\t<\/a>\n\t\t\t\t<div class=\"elementor-post__text\">\n\t\t\t\t<h3 class=\"elementor-post__title\">\n\t\t\t<a href=\"https:\/\/www.francksmodelworkshop.com\/en\/les-bushings-allonge-inox-pour-le-motoreducteur-1512-sont-arrives\/\" target=\"&quot;_blank&quot;\">\n\t\t\t\tThe stainless steel extension bushings for the 1512 motor gearhead arrived!\t\t\t<\/a>\n\t\t<\/h3>\n\t\t\t\t<div class=\"elementor-post__meta-data\">\n\t\t\t\t\t<span class=\"elementor-post-date\">\n\t\t\t26 January 2024\t\t<\/span>\n\t\t\t\t<\/div>\n\t\t\t\t\t<div class=\"elementor-post__read-more-wrapper\">\n\t\t\n\t\t<a class=\"elementor-post__read-more\" href=\"https:\/\/www.francksmodelworkshop.com\/en\/les-bushings-allonge-inox-pour-le-motoreducteur-1512-sont-arrives\/\" aria-label=\"Read more about Les bushings allonge inox pour le motor\u00e9ducteur 1512 sont arriv\u00e9s !\" tabindex=\"-1\" target=\"_blank\">\n\t\t\tRead more\t\t<\/a>\n\n\t\t\t\t\t<\/div>\n\t\t\t\t<\/div>\n\t\t\t\t<\/article>\n\t\t\t\t<\/div>\n\t\t\n\t\t\t\t<div class=\"e-load-more-anchor\" data-page=\"1\" data-max-page=\"4\" data-next-page=\"https:\/\/www.francksmodelworkshop.com\/en\/wp-json\/wp\/v2\/pages\/191\/page\/2\/\"><\/div>\n\t\t\t\t<nav class=\"elementor-pagination\" aria-label=\"Pagination\">\n\t\t\t<span aria-current=\"page\" class=\"page-numbers current\"><span class=\"elementor-screen-only\">Page<\/span>1<\/span>\n<a class=\"page-numbers\" href=\"https:\/\/www.francksmodelworkshop.com\/en\/wp-json\/wp\/v2\/pages\/191\/page\/2\/\"><span class=\"elementor-screen-only\">Page<\/span>2<\/a>\n<a class=\"page-numbers\" href=\"https:\/\/www.francksmodelworkshop.com\/en\/wp-json\/wp\/v2\/pages\/191\/page\/3\/\"><span class=\"elementor-screen-only\">Page<\/span>3<\/a>\n<a class=\"page-numbers\" href=\"https:\/\/www.francksmodelworkshop.com\/en\/wp-json\/wp\/v2\/pages\/191\/page\/4\/\"><span class=\"elementor-screen-only\">Page<\/span>4<\/a>\t\t<\/nav>\n\t\t\t\t<\/div>\n\t\t\t\t<\/div>\n\t\t\t\t\t<\/div>\n\t\t\t\t<\/div>\n\t\t\t\t<\/div>","protected":false},"excerpt":{"rendered":"","protected":false},"author":5,"featured_media":0,"parent":0,"menu_order":0,"comment_status":"closed","ping_status":"closed","template":"","meta":{"_acf_changed":false,"footnotes":""},"class_list":["post-191","page","type-page","status-publish","hentry"],"acf":[],"yoast_head":"<!-- This site is optimized with the Yoast SEO plugin v23.6 - https:\/\/yoast.com\/wordpress\/plugins\/seo\/ -->\n<title>Blog - Franck&#039;s Model Workshop<\/title>\n<meta name=\"description\" content=\"D\u00e9couvrez le blog de Franck&#039;s Model Workshop, les news, les projets, les infos !\" \/>\n<meta name=\"robots\" content=\"index, follow, max-snippet:-1, max-image-preview:large, max-video-preview:-1\" \/>\n<link rel=\"canonical\" href=\"https:\/\/www.francksmodelworkshop.com\/en\/blog-francks-model-workshop\/\" \/>\n<meta property=\"og:locale\" content=\"en_GB\" \/>\n<meta property=\"og:type\" content=\"article\" \/>\n<meta property=\"og:title\" content=\"Blog - Franck&#039;s Model Workshop\" \/>\n<meta property=\"og:description\" content=\"D\u00e9couvrez le blog de Franck&#039;s Model Workshop, les news, les projets, les infos !\" \/>\n<meta property=\"og:url\" content=\"https:\/\/www.francksmodelworkshop.com\/en\/blog-francks-model-workshop\/\" \/>\n<meta property=\"og:site_name\" content=\"Franck&#039;s Model Workshop\" \/>\n<meta property=\"article:publisher\" content=\"https:\/\/www.facebook.com\/FrancksModelWorkshop\/\" \/>\n<meta property=\"article:modified_time\" content=\"2023-11-09T17:49:06+00:00\" \/>\n<meta property=\"og:image\" content=\"https:\/\/www.francksmodelworkshop.com\/wp-content\/uploads\/IMG_8114.jpg\" \/>\n\t<meta property=\"og:image:width\" content=\"1600\" \/>\n\t<meta property=\"og:image:height\" content=\"1200\" \/>\n\t<meta property=\"og:image:type\" content=\"image\/jpeg\" \/>\n<meta name=\"twitter:card\" content=\"summary_large_image\" \/>\n<script type=\"application\/ld+json\" class=\"yoast-schema-graph\">{\"@context\":\"https:\/\/schema.org\",\"@graph\":[{\"@type\":\"WebPage\",\"@id\":\"https:\/\/www.francksmodelworkshop.com\/blog-francks-model-workshop\/\",\"url\":\"https:\/\/www.francksmodelworkshop.com\/blog-francks-model-workshop\/\",\"name\":\"Blog - Franck&#039;s Model Workshop\",\"isPartOf\":{\"@id\":\"https:\/\/www.francksmodelworkshop.com\/#website\"},\"datePublished\":\"2021-11-22T11:19:07+00:00\",\"dateModified\":\"2023-11-09T17:49:06+00:00\",\"description\":\"D\u00e9couvrez le blog de Franck's Model Workshop, les news, les projets, les infos !\",\"breadcrumb\":{\"@id\":\"https:\/\/www.francksmodelworkshop.com\/blog-francks-model-workshop\/#breadcrumb\"},\"inLanguage\":\"en-GB\",\"potentialAction\":[{\"@type\":\"ReadAction\",\"target\":[\"https:\/\/www.francksmodelworkshop.com\/blog-francks-model-workshop\/\"]}]},{\"@type\":\"BreadcrumbList\",\"@id\":\"https:\/\/www.francksmodelworkshop.com\/blog-francks-model-workshop\/#breadcrumb\",\"itemListElement\":[{\"@type\":\"ListItem\",\"position\":1,\"name\":\"Accueil\",\"item\":\"https:\/\/www.francksmodelworkshop.com\/\"},{\"@type\":\"ListItem\",\"position\":2,\"name\":\"Blog\"}]},{\"@type\":\"WebSite\",\"@id\":\"https:\/\/www.francksmodelworkshop.com\/#website\",\"url\":\"https:\/\/www.francksmodelworkshop.com\/\",\"name\":\"Franck&#039;s Model Workshop\",\"description\":\"Premium Custom Narrow Gauge Models\",\"publisher\":{\"@id\":\"https:\/\/www.francksmodelworkshop.com\/#organization\"},\"potentialAction\":[{\"@type\":\"SearchAction\",\"target\":{\"@type\":\"EntryPoint\",\"urlTemplate\":\"https:\/\/www.francksmodelworkshop.com\/?s={search_term_string}\"},\"query-input\":{\"@type\":\"PropertyValueSpecification\",\"valueRequired\":true,\"valueName\":\"search_term_string\"}}],\"inLanguage\":\"en-GB\"},{\"@type\":\"Organization\",\"@id\":\"https:\/\/www.francksmodelworkshop.com\/#organization\",\"name\":\"Franck&#039;s Model Workshop\",\"url\":\"https:\/\/www.francksmodelworkshop.com\/\",\"logo\":{\"@type\":\"ImageObject\",\"inLanguage\":\"en-GB\",\"@id\":\"https:\/\/www.francksmodelworkshop.com\/#\/schema\/logo\/image\/\",\"url\":\"https:\/\/www.francksmodelworkshop.com\/wp-content\/uploads\/logo-1.22.jpg\",\"contentUrl\":\"https:\/\/www.francksmodelworkshop.com\/wp-content\/uploads\/logo-1.22.jpg\",\"width\":900,\"height\":831,\"caption\":\"Franck&#039;s Model Workshop\"},\"image\":{\"@id\":\"https:\/\/www.francksmodelworkshop.com\/#\/schema\/logo\/image\/\"},\"sameAs\":[\"https:\/\/www.facebook.com\/FrancksModelWorkshop\/\"]}]}<\/script>\n<!-- \/ Yoast SEO plugin. -->","yoast_head_json":{"title":"Blog - Franck&#039;s Model Workshop","description":"D\u00e9couvrez le blog de Franck's Model Workshop, les news, les projets, les infos !","robots":{"index":"index","follow":"follow","max-snippet":"max-snippet:-1","max-image-preview":"max-image-preview:large","max-video-preview":"max-video-preview:-1"},"canonical":"https:\/\/www.francksmodelworkshop.com\/en\/blog-francks-model-workshop\/","og_locale":"en_GB","og_type":"article","og_title":"Blog - Franck&#039;s Model Workshop","og_description":"D\u00e9couvrez le blog de Franck's Model Workshop, les news, les projets, les infos !","og_url":"https:\/\/www.francksmodelworkshop.com\/en\/blog-francks-model-workshop\/","og_site_name":"Franck&#039;s Model Workshop","article_publisher":"https:\/\/www.facebook.com\/FrancksModelWorkshop\/","article_modified_time":"2023-11-09T17:49:06+00:00","og_image":[{"width":1600,"height":1200,"url":"https:\/\/www.francksmodelworkshop.com\/wp-content\/uploads\/IMG_8114.jpg","type":"image\/jpeg"}],"twitter_card":"summary_large_image","schema":{"@context":"https:\/\/schema.org","@graph":[{"@type":"WebPage","@id":"https:\/\/www.francksmodelworkshop.com\/blog-francks-model-workshop\/","url":"https:\/\/www.francksmodelworkshop.com\/blog-francks-model-workshop\/","name":"Blog - Franck&#039;s Model Workshop","isPartOf":{"@id":"https:\/\/www.francksmodelworkshop.com\/#website"},"datePublished":"2021-11-22T11:19:07+00:00","dateModified":"2023-11-09T17:49:06+00:00","description":"D\u00e9couvrez le blog de Franck's Model Workshop, les news, les projets, les infos !","breadcrumb":{"@id":"https:\/\/www.francksmodelworkshop.com\/blog-francks-model-workshop\/#breadcrumb"},"inLanguage":"en-GB","potentialAction":[{"@type":"ReadAction","target":["https:\/\/www.francksmodelworkshop.com\/blog-francks-model-workshop\/"]}]},{"@type":"BreadcrumbList","@id":"https:\/\/www.francksmodelworkshop.com\/blog-francks-model-workshop\/#breadcrumb","itemListElement":[{"@type":"ListItem","position":1,"name":"Accueil","item":"https:\/\/www.francksmodelworkshop.com\/"},{"@type":"ListItem","position":2,"name":"Blog"}]},{"@type":"WebSite","@id":"https:\/\/www.francksmodelworkshop.com\/#website","url":"https:\/\/www.francksmodelworkshop.com\/","name":"Franck&#039;s Model Workshop","description":"Premium Custom Narrow Gauge Models","publisher":{"@id":"https:\/\/www.francksmodelworkshop.com\/#organization"},"potentialAction":[{"@type":"SearchAction","target":{"@type":"EntryPoint","urlTemplate":"https:\/\/www.francksmodelworkshop.com\/?s={search_term_string}"},"query-input":{"@type":"PropertyValueSpecification","valueRequired":true,"valueName":"search_term_string"}}],"inLanguage":"en-GB"},{"@type":"Organization","@id":"https:\/\/www.francksmodelworkshop.com\/#organization","name":"Franck&#039;s Model Workshop","url":"https:\/\/www.francksmodelworkshop.com\/","logo":{"@type":"ImageObject","inLanguage":"en-GB","@id":"https:\/\/www.francksmodelworkshop.com\/#\/schema\/logo\/image\/","url":"https:\/\/www.francksmodelworkshop.com\/wp-content\/uploads\/logo-1.22.jpg","contentUrl":"https:\/\/www.francksmodelworkshop.com\/wp-content\/uploads\/logo-1.22.jpg","width":900,"height":831,"caption":"Franck&#039;s Model Workshop"},"image":{"@id":"https:\/\/www.francksmodelworkshop.com\/#\/schema\/logo\/image\/"},"sameAs":["https:\/\/www.facebook.com\/FrancksModelWorkshop\/"]}]}},"_links":{"self":[{"href":"https:\/\/www.francksmodelworkshop.com\/en\/wp-json\/wp\/v2\/pages\/191","targetHints":{"allow":["GET"]}}],"collection":[{"href":"https:\/\/www.francksmodelworkshop.com\/en\/wp-json\/wp\/v2\/pages"}],"about":[{"href":"https:\/\/www.francksmodelworkshop.com\/en\/wp-json\/wp\/v2\/types\/page"}],"author":[{"embeddable":true,"href":"https:\/\/www.francksmodelworkshop.com\/en\/wp-json\/wp\/v2\/users\/5"}],"replies":[{"embeddable":true,"href":"https:\/\/www.francksmodelworkshop.com\/en\/wp-json\/wp\/v2\/comments?post=191"}],"version-history":[{"count":28,"href":"https:\/\/www.francksmodelworkshop.com\/en\/wp-json\/wp\/v2\/pages\/191\/revisions"}],"predecessor-version":[{"id":2675,"href":"https:\/\/www.francksmodelworkshop.com\/en\/wp-json\/wp\/v2\/pages\/191\/revisions\/2675"}],"wp:attachment":[{"href":"https:\/\/www.francksmodelworkshop.com\/en\/wp-json\/wp\/v2\/media?parent=191"}],"curies":[{"name":"wp","href":"https:\/\/api.w.org\/{rel}","templated":true}]}}